{"id":44590,"date":"2025-03-30T21:00:44","date_gmt":"2025-03-30T19:00:44","guid":{"rendered":"https:\/\/duratis.com\/?page_id=44590"},"modified":"2025-03-30T21:09:53","modified_gmt":"2025-03-30T19:09:53","slug":"support","status":"publish","type":"page","link":"https:\/\/duratis.com\/pl\/support\/","title":{"rendered":"Wsparcie"},"content":{"rendered":"<div data-elementor-type=\"wp-page\" data-elementor-id=\"44590\" class=\"elementor elementor-44590\" data-elementor-post-type=\"page\">\n\t\t\t\t\t\t<section class=\"elementor-section elementor-top-section elementor-element elementor-element-81d743b elementor-reverse-mobile elementor-section-boxed elementor-section-height-default elementor-section-height-default\" data-id=\"81d743b\" data-element_type=\"section\" data-e-type=\"section\">\n\t\t\t\t\t\t<div class=\"elementor-container elementor-column-gap-default\">\n\t\t\t\t\t<div class=\"elementor-column elementor-col-50 elementor-top-column elementor-element elementor-element-a238b64\" data-id=\"a238b64\" data-element_type=\"column\" data-e-type=\"column\">\n\t\t\t<div class=\"elementor-widget-wrap elementor-element-populated\">\n\t\t\t\t\t\t<div class=\"elementor-element elementor-element-3240382 elementor-widget elementor-widget-heading\" data-id=\"3240382\" data-element_type=\"widget\" data-e-type=\"widget\" data-widget_type=\"heading.default\">\n\t\t\t\t<div class=\"elementor-widget-container\">\n\t\t\t\t\t<h1 class=\"elementor-heading-title elementor-size-default\">Jeste\u015bmy tutaj, aby <strong>Pomoc<\/strong><\/h1>\t\t\t\t<\/div>\n\t\t\t\t<\/div>\n\t\t\t\t<div class=\"elementor-element elementor-element-a19d245 elementor-widget elementor-widget-text-editor\" data-id=\"a19d245\" data-element_type=\"widget\" data-e-type=\"widget\" data-widget_type=\"text-editor.default\">\n\t\t\t\t<div class=\"elementor-widget-container\">\n\t\t\t\t\t\t\t\t\t<p>W Duratis dok\u0142adamy wszelkich stara\u0144, aby zapewni\u0107 najwy\u017cszej jako\u015bci wsparcie - niezale\u017cnie od tego, czy potrzebujesz wskaz\u00f3wek dotycz\u0105cych wyboru odpowiednich akcesori\u00f3w, dostosowania rozwi\u0105zania, czy wsp\u00f3\u0142pracy z nami. Poni\u017cej znajdziesz najlepsze sposoby kontaktu oraz odpowiedzi na najcz\u0119\u015bciej zadawane pytania.<\/p>\t\t\t\t\t\t\t\t<\/div>\n\t\t\t\t<\/div>\n\t\t\t\t\t<\/div>\n\t\t<\/div>\n\t\t\t\t<div class=\"elementor-column elementor-col-50 elementor-top-column elementor-element elementor-element-3231d69\" data-id=\"3231d69\" data-element_type=\"column\" data-e-type=\"column\">\n\t\t\t<div class=\"elementor-widget-wrap\">\n\t\t\t\t\t\t\t<\/div>\n\t\t<\/div>\n\t\t\t\t\t<\/div>\n\t\t<\/section>\n\t\t\t\t<section class=\"elementor-section elementor-top-section elementor-element elementor-element-82fa0fa elementor-section-boxed elementor-section-height-default elementor-section-height-default\" data-id=\"82fa0fa\" data-element_type=\"section\" data-e-type=\"section\">\n\t\t\t\t\t\t<div class=\"elementor-container elementor-column-gap-wider\">\n\t\t\t\t\t<div class=\"elementor-column elementor-col-50 elementor-top-column elementor-element elementor-element-0f650ca\" data-id=\"0f650ca\" data-element_type=\"column\" data-e-type=\"column\">\n\t\t\t<div class=\"elementor-widget-wrap elementor-element-populated\">\n\t\t\t\t\t\t<div class=\"elementor-element elementor-element-a5f7fdf elementor-widget elementor-widget-heading\" data-id=\"a5f7fdf\" data-element_type=\"widget\" data-e-type=\"widget\" data-widget_type=\"heading.default\">\n\t\t\t\t<div class=\"elementor-widget-container\">\n\t\t\t\t\t<h2 class=\"elementor-heading-title elementor-size-default\">Wsparcie produktu<\/h2>\t\t\t\t<\/div>\n\t\t\t\t<\/div>\n\t\t\t\t<div class=\"elementor-element elementor-element-471adb3 elementor-widget elementor-widget-text-editor\" data-id=\"471adb3\" data-element_type=\"widget\" data-e-type=\"widget\" data-widget_type=\"text-editor.default\">\n\t\t\t\t<div class=\"elementor-widget-container\">\n\t\t\t\t\t\t\t\t\t<p>Szukasz idealnego dopasowania? Nasz zesp\u00f3\u0142 wsparcia produktu jest tutaj, aby pom\u00f3c:<\/p><p>Wyb\u00f3r odpowiednich akcesori\u00f3w dopasowanych do konkretnych potrzeb.<\/p><p>\u2705 Dostosowywanie istniej\u0105cych rozwi\u0105za\u0144 do unikalnych wymaga\u0144.<\/p><p>Projektowanie nowych produkt\u00f3w dostosowanych do specyfikacji klienta.<br \/><br \/>Ch\u0119tnie pomo\u017cemy znale\u017a\u0107 lub stworzy\u0107 najlepsze rozwi\u0105zanie.<\/p>\t\t\t\t\t\t\t\t<\/div>\n\t\t\t\t<\/div>\n\t\t\t\t<div class=\"elementor-element elementor-element-94c969c elementor-widget elementor-widget-button\" data-id=\"94c969c\" data-element_type=\"widget\" data-e-type=\"widget\" data-widget_type=\"button.default\">\n\t\t\t\t<div class=\"elementor-widget-container\">\n\t\t\t\t\t\t\t\t\t<div class=\"elementor-button-wrapper\">\n\t\t\t\t\t<a class=\"elementor-button elementor-button-link elementor-size-sm\" href=\"mailto:support@duratis.com\">\n\t\t\t\t\t\t<span class=\"elementor-button-content-wrapper\">\n\t\t\t\t\t\t\t\t\t<span class=\"elementor-button-text\">support@duratis.com<\/span>\n\t\t\t\t\t<\/span>\n\t\t\t\t\t<\/a>\n\t\t\t\t<\/div>\n\t\t\t\t\t\t\t\t<\/div>\n\t\t\t\t<\/div>\n\t\t\t\t\t<\/div>\n\t\t<\/div>\n\t\t\t\t<div class=\"elementor-column elementor-col-50 elementor-top-column elementor-element elementor-element-66078fc\" data-id=\"66078fc\" data-element_type=\"column\" data-e-type=\"column\">\n\t\t\t<div class=\"elementor-widget-wrap elementor-element-populated\">\n\t\t\t\t\t\t<div class=\"elementor-element elementor-element-22e20e4 elementor-widget elementor-widget-heading\" data-id=\"22e20e4\" data-element_type=\"widget\" data-e-type=\"widget\" data-widget_type=\"heading.default\">\n\t\t\t\t<div class=\"elementor-widget-container\">\n\t\t\t\t\t<h2 class=\"elementor-heading-title elementor-size-default\">Wsparcie marketingowe<\/h2>\t\t\t\t<\/div>\n\t\t\t\t<\/div>\n\t\t\t\t<div class=\"elementor-element elementor-element-9918f50 elementor-widget elementor-widget-text-editor\" data-id=\"9918f50\" data-element_type=\"widget\" data-e-type=\"widget\" data-widget_type=\"text-editor.default\">\n\t\t\t\t<div class=\"elementor-widget-container\">\n\t\t\t\t\t\t\t\t\t<p class=\"\" data-start=\"929\" data-end=\"1218\">Jeste\u015b zainteresowany wsp\u00f3\u0142prac\u0105 z nami? Nasz zesp\u00f3\u0142 marketingowy wspiera:<\/p><p class=\"\" data-start=\"929\" data-end=\"1218\">\ud83e\udd1d <strong data-start=\"994\" data-end=\"1022\">Dystrybutorzy i sprzedawcy<\/strong> chc\u0105c rozszerzy\u0107 swoj\u0105 ofert\u0119 produkt\u00f3w.<\/p><p class=\"\" data-start=\"929\" data-end=\"1218\">\ud83c\udf0d <strong data-start=\"1071\" data-end=\"1096\">Partnerstwa biznesowe<\/strong> dla mo\u017cliwo\u015bci wsp\u00f3\u0142pracy.<\/p><p class=\"\" data-start=\"929\" data-end=\"1218\">\ud83d\udce2 <strong data-start=\"1135\" data-end=\"1158\">Zapytania marketingowe<\/strong> w tym media, sponsoring i materia\u0142y promocyjne.<\/p><p class=\"\" data-start=\"1220\" data-end=\"1319\">Cenimy sobie silne partnerstwo - pracujmy razem, aby dostarcza\u0107 innowacyjne rozwi\u0105zania wi\u0119kszej liczbie klient\u00f3w!<\/p>\t\t\t\t\t\t\t\t<\/div>\n\t\t\t\t<\/div>\n\t\t\t\t<div class=\"elementor-element elementor-element-7c97af2 elementor-widget elementor-widget-button\" data-id=\"7c97af2\" data-element_type=\"widget\" data-e-type=\"widget\" data-widget_type=\"button.default\">\n\t\t\t\t<div class=\"elementor-widget-container\">\n\t\t\t\t\t\t\t\t\t<div class=\"elementor-button-wrapper\">\n\t\t\t\t\t<a class=\"elementor-button elementor-button-link elementor-size-sm\" href=\"mailto:marketing@duratis.com\">\n\t\t\t\t\t\t<span class=\"elementor-button-content-wrapper\">\n\t\t\t\t\t\t\t\t\t<span class=\"elementor-button-text\">marketing@duratis.com<\/span>\n\t\t\t\t\t<\/span>\n\t\t\t\t\t<\/a>\n\t\t\t\t<\/div>\n\t\t\t\t\t\t\t\t<\/div>\n\t\t\t\t<\/div>\n\t\t\t\t\t<\/div>\n\t\t<\/div>\n\t\t\t\t\t<\/div>\n\t\t<\/section>\n\t\t\t\t<\/div>","protected":false},"excerpt":{"rendered":"<p>We&#8217;re Here to Help At Duratis, we\u2019re committed to providing top-notch support\u2014whether you need guidance selecting the right accessories, customizing a solution, or partnering with us. Below, you&#8217;ll find the best ways to get in touch, along with answers to frequently asked questions. Product support Looking for the perfect fit? Our product support team is [&hellip;]<\/p>","protected":false},"author":6,"featured_media":0,"parent":0,"menu_order":0,"comment_status":"closed","ping_status":"closed","template":"","meta":{"footnotes":""},"class_list":["post-44590","page","type-page","status-publish","hentry"],"yoast_head":"<!-- This site is optimized with the Yoast SEO plugin v26.7 - https:\/\/yoast.com\/wordpress\/plugins\/seo\/ -->\n<title>Support - Duratis Accessories | Cases, Mounts, Screen &amp; Keypad Protectors<\/title>\n<meta name=\"robots\" content=\"index, follow, max-snippet:-1, max-image-preview:large, max-video-preview:-1\" \/>\n<link rel=\"canonical\" href=\"https:\/\/duratis.com\/pl\/support\/\" \/>\n<meta property=\"og:locale\" content=\"pl_PL\" \/>\n<meta property=\"og:type\" content=\"article\" \/>\n<meta property=\"og:title\" content=\"Support - Duratis Accessories | Cases, Mounts, Screen &amp; Keypad Protectors\" \/>\n<meta property=\"og:description\" content=\"We&#8217;re Here to Help At Duratis, we\u2019re committed to providing top-notch support\u2014whether you need guidance selecting the right accessories, customizing a solution, or partnering with us. Below, you&#8217;ll find the best ways to get in touch, along with answers to frequently asked questions. Product support Looking for the perfect fit? Our product support team is [&hellip;]\" \/>\n<meta property=\"og:url\" content=\"https:\/\/duratis.com\/pl\/support\/\" \/>\n<meta property=\"og:site_name\" content=\"Duratis Accessories | Cases, Mounts, Screen &amp; Keypad Protectors\" \/>\n<meta property=\"article:publisher\" content=\"https:\/\/www.facebook.com\/duratis\/\" \/>\n<meta property=\"article:modified_time\" content=\"2025-03-30T19:09:53+00:00\" \/>\n<meta name=\"twitter:card\" content=\"summary_large_image\" \/>\n<meta name=\"twitter:label1\" content=\"Szacowany czas czytania\" \/>\n\t<meta name=\"twitter:data1\" content=\"1 minuta\" \/>\n<script type=\"application\/ld+json\" class=\"yoast-schema-graph\">{\"@context\":\"https:\/\/schema.org\",\"@graph\":[{\"@type\":\"WebPage\",\"@id\":\"https:\/\/duratis.com\/support\/\",\"url\":\"https:\/\/duratis.com\/support\/\",\"name\":\"Support - Duratis Accessories | Cases, Mounts, Screen &amp; Keypad Protectors\",\"isPartOf\":{\"@id\":\"https:\/\/duratis.com\/#website\"},\"datePublished\":\"2025-03-30T19:00:44+00:00\",\"dateModified\":\"2025-03-30T19:09:53+00:00\",\"breadcrumb\":{\"@id\":\"https:\/\/duratis.com\/support\/#breadcrumb\"},\"inLanguage\":\"pl-PL\",\"potentialAction\":[{\"@type\":\"ReadAction\",\"target\":[\"https:\/\/duratis.com\/support\/\"]}]},{\"@type\":\"BreadcrumbList\",\"@id\":\"https:\/\/duratis.com\/support\/#breadcrumb\",\"itemListElement\":[{\"@type\":\"ListItem\",\"position\":1,\"name\":\"Home\",\"item\":\"https:\/\/duratis.com\/\"},{\"@type\":\"ListItem\",\"position\":2,\"name\":\"Support\"}]},{\"@type\":\"WebSite\",\"@id\":\"https:\/\/duratis.com\/#website\",\"url\":\"https:\/\/duratis.com\/\",\"name\":\"Duratis Accessories | Custom-made Cases, Holsters, Mounts, Screen & Keypad Protectors\",\"description\":\"We make accessories for payment terminals, mobile scanners, mobile computers and other devices.\",\"publisher\":{\"@id\":\"https:\/\/duratis.com\/#organization\"},\"potentialAction\":[{\"@type\":\"SearchAction\",\"target\":{\"@type\":\"EntryPoint\",\"urlTemplate\":\"https:\/\/duratis.com\/?s={search_term_string}\"},\"query-input\":{\"@type\":\"PropertyValueSpecification\",\"valueRequired\":true,\"valueName\":\"search_term_string\"}}],\"inLanguage\":\"pl-PL\"},{\"@type\":\"Organization\",\"@id\":\"https:\/\/duratis.com\/#organization\",\"name\":\"Duratis\",\"url\":\"https:\/\/duratis.com\/\",\"logo\":{\"@type\":\"ImageObject\",\"inLanguage\":\"pl-PL\",\"@id\":\"https:\/\/duratis.com\/#\/schema\/logo\/image\/\",\"url\":\"https:\/\/duratis.com\/wp-content\/uploads\/2024\/08\/duratis-logo.svg\",\"contentUrl\":\"https:\/\/duratis.com\/wp-content\/uploads\/2024\/08\/duratis-logo.svg\",\"width\":270,\"height\":61,\"caption\":\"Duratis\"},\"image\":{\"@id\":\"https:\/\/duratis.com\/#\/schema\/logo\/image\/\"},\"sameAs\":[\"https:\/\/www.facebook.com\/duratis\/\",\"https:\/\/www.linkedin.com\/company\/duratis-accessories\/\",\"https:\/\/www.youtube.com\/channel\/UCgCWiGf6mJ-MMSx3M1gfdeg\/featured\"]}]}<\/script>\n<!-- \/ Yoast SEO plugin. -->","yoast_head_json":{"title":"Wsparcie - Akcesoria Duratis | Etuiy, uchwyty, os\u0142ony ekranu i klawiatury","robots":{"index":"index","follow":"follow","max-snippet":"max-snippet:-1","max-image-preview":"max-image-preview:large","max-video-preview":"max-video-preview:-1"},"canonical":"https:\/\/duratis.com\/pl\/support\/","og_locale":"pl_PL","og_type":"article","og_title":"Support - Duratis Accessories | Cases, Mounts, Screen &amp; Keypad Protectors","og_description":"We&#8217;re Here to Help At Duratis, we\u2019re committed to providing top-notch support\u2014whether you need guidance selecting the right accessories, customizing a solution, or partnering with us. Below, you&#8217;ll find the best ways to get in touch, along with answers to frequently asked questions. Product support Looking for the perfect fit? Our product support team is [&hellip;]","og_url":"https:\/\/duratis.com\/pl\/support\/","og_site_name":"Duratis Accessories | Cases, Mounts, Screen &amp; Keypad Protectors","article_publisher":"https:\/\/www.facebook.com\/duratis\/","article_modified_time":"2025-03-30T19:09:53+00:00","twitter_card":"summary_large_image","twitter_misc":{"Szacowany czas czytania":"1 minuta"},"schema":{"@context":"https:\/\/schema.org","@graph":[{"@type":"WebPage","@id":"https:\/\/duratis.com\/support\/","url":"https:\/\/duratis.com\/support\/","name":"Wsparcie - Akcesoria Duratis | Etuiy, uchwyty, os\u0142ony ekranu i klawiatury","isPartOf":{"@id":"https:\/\/duratis.com\/#website"},"datePublished":"2025-03-30T19:00:44+00:00","dateModified":"2025-03-30T19:09:53+00:00","breadcrumb":{"@id":"https:\/\/duratis.com\/support\/#breadcrumb"},"inLanguage":"pl-PL","potentialAction":[{"@type":"ReadAction","target":["https:\/\/duratis.com\/support\/"]}]},{"@type":"BreadcrumbList","@id":"https:\/\/duratis.com\/support\/#breadcrumb","itemListElement":[{"@type":"ListItem","position":1,"name":"Home","item":"https:\/\/duratis.com\/"},{"@type":"ListItem","position":2,"name":"Support"}]},{"@type":"WebSite","@id":"https:\/\/duratis.com\/#website","url":"https:\/\/duratis.com\/","name":"Akcesoria Duratis | Wykonane na zam\u00f3wienie etuiy, kabury, uchwyty, os\u0142ony ekranu i klawiatury","description":"Produkujemy akcesoria do terminali p\u0142atniczych, skaner\u00f3w mobilnych, komputer\u00f3w przeno\u015bnych i innych urz\u0105dze\u0144.","publisher":{"@id":"https:\/\/duratis.com\/#organization"},"potentialAction":[{"@type":"SearchAction","target":{"@type":"EntryPoint","urlTemplate":"https:\/\/duratis.com\/?s={search_term_string}"},"query-input":{"@type":"PropertyValueSpecification","valueRequired":true,"valueName":"search_term_string"}}],"inLanguage":"pl-PL"},{"@type":"Organization","@id":"https:\/\/duratis.com\/#organization","name":"Duratis","url":"https:\/\/duratis.com\/","logo":{"@type":"ImageObject","inLanguage":"pl-PL","@id":"https:\/\/duratis.com\/#\/schema\/logo\/image\/","url":"https:\/\/duratis.com\/wp-content\/uploads\/2024\/08\/duratis-logo.svg","contentUrl":"https:\/\/duratis.com\/wp-content\/uploads\/2024\/08\/duratis-logo.svg","width":270,"height":61,"caption":"Duratis"},"image":{"@id":"https:\/\/duratis.com\/#\/schema\/logo\/image\/"},"sameAs":["https:\/\/www.facebook.com\/duratis\/","https:\/\/www.linkedin.com\/company\/duratis-accessories\/","https:\/\/www.youtube.com\/channel\/UCgCWiGf6mJ-MMSx3M1gfdeg\/featured"]}]}},"_links":{"self":[{"href":"https:\/\/duratis.com\/pl\/wp-json\/wp\/v2\/pages\/44590","targetHints":{"allow":["GET"]}}],"collection":[{"href":"https:\/\/duratis.com\/pl\/wp-json\/wp\/v2\/pages"}],"about":[{"href":"https:\/\/duratis.com\/pl\/wp-json\/wp\/v2\/types\/page"}],"author":[{"embeddable":true,"href":"https:\/\/duratis.com\/pl\/wp-json\/wp\/v2\/users\/6"}],"replies":[{"embeddable":true,"href":"https:\/\/duratis.com\/pl\/wp-json\/wp\/v2\/comments?post=44590"}],"version-history":[{"count":0,"href":"https:\/\/duratis.com\/pl\/wp-json\/wp\/v2\/pages\/44590\/revisions"}],"wp:attachment":[{"href":"https:\/\/duratis.com\/pl\/wp-json\/wp\/v2\/media?parent=44590"}],"curies":[{"name":"wp","href":"https:\/\/api.w.org\/{rel}","templated":true}]}}