{"id":55022,"date":"2026-03-12T14:37:13","date_gmt":"2026-03-12T13:37:13","guid":{"rendered":"https:\/\/duratis.com\/?page_id=55022"},"modified":"2026-03-16T08:45:20","modified_gmt":"2026-03-16T07:45:20","slug":"careers","status":"publish","type":"page","link":"https:\/\/duratis.com\/fr\/careers\/","title":{"rendered":"Carri\u00e8res"},"content":{"rendered":"<div data-elementor-type=\"wp-page\" data-elementor-id=\"55022\" class=\"elementor elementor-55022\" data-elementor-post-type=\"page\">\n\t\t\t\t<div class=\"elementor-element elementor-element-c9d03bf e-flex e-con-boxed e-con e-parent\" data-id=\"c9d03bf\" data-element_type=\"container\" data-e-type=\"container\">\n\t\t\t\t\t<div class=\"e-con-inner\">\n\t\t\t\t<div class=\"elementor-element elementor-element-4bb7e67 elementor-widget elementor-widget-heading\" data-id=\"4bb7e67\" data-element_type=\"widget\" data-e-type=\"widget\" data-widget_type=\"heading.default\">\n\t\t\t\t<div class=\"elementor-widget-container\">\n\t\t\t\t\t<h2 class=\"elementor-heading-title elementor-size-default\">Explorer les possibilit\u00e9s de carri\u00e8re<\/h2>\t\t\t\t<\/div>\n\t\t\t\t<\/div>\n\t\t\t\t<div class=\"elementor-element elementor-element-923e79c elementor-grid-mobile-1 elementor-grid-3 elementor-grid-tablet-2 elementor-widget elementor-widget-loop-grid\" data-id=\"923e79c\" data-element_type=\"widget\" data-e-type=\"widget\" data-settings=\"{&quot;template_id&quot;:55024,&quot;columns_mobile&quot;:1,&quot;_skin&quot;:&quot;post&quot;,&quot;columns&quot;:&quot;3&quot;,&quot;columns_tablet&quot;:&quot;2&quot;,&quot;edit_handle_selector&quot;:&quot;[data-elementor-type=\\&quot;loop-item\\&quot;]&quot;,&quot;row_gap&quot;:{&quot;unit&quot;:&quot;px&quot;,&quot;size&quot;:&quot;&quot;,&quot;sizes&quot;:[]},&quot;row_gap_tablet&quot;:{&quot;unit&quot;:&quot;px&quot;,&quot;size&quot;:&quot;&quot;,&quot;sizes&quot;:[]},&quot;row_gap_mobile_extra&quot;:{&quot;unit&quot;:&quot;px&quot;,&quot;size&quot;:&quot;&quot;,&quot;sizes&quot;:[]},&quot;row_gap_mobile&quot;:{&quot;unit&quot;:&quot;px&quot;,&quot;size&quot;:&quot;&quot;,&quot;sizes&quot;:[]}}\" data-widget_type=\"loop-grid.post\">\n\t\t\t\t<div class=\"elementor-widget-container\">\n\t\t\t\t\t\t\t<div class=\"elementor-loop-container elementor-grid\" role=\"list\">\n\t\t<style id=\"loop-55024\">.elementor-55024 .elementor-element.elementor-element-ea34de1{--display:flex;--flex-direction:column;--container-widget-width:100%;--container-widget-height:initial;--container-widget-flex-grow:0;--container-widget-align-self:initial;--flex-wrap-mobile:wrap;--justify-content:space-evenly;border-style:none;--border-style:none;box-shadow:0px 0px 10px 0px rgba(0,0,0,0.5);--padding-top:20px;--padding-bottom:20px;--padding-left:10px;--padding-right:10px;}.elementor-55024 .elementor-element.elementor-element-ea34de1:not(.elementor-motion-effects-element-type-background), .elementor-55024 .elementor-element.elementor-element-ea34de1 > .elementor-motion-effects-container > .elementor-motion-effects-layer{background-color:var( --e-global-color-91a8521 );}.elementor-widget-image .widget-image-caption{color:var( --e-global-color-text );font-family:var( --e-global-typography-text-font-family ), Sora;font-size:var( --e-global-typography-text-font-size );font-weight:var( --e-global-typography-text-font-weight );}.elementor-55024 .elementor-element.elementor-element-6ccbb96 img{width:40%;border-style:solid;border-width:1px 1px 1px 1px;border-color:var( --e-global-color-91a8521 );}.elementor-55024 .elementor-element.elementor-element-6ccbb96 > .elementor-widget-container{margin:10px 0px 0px 0px;}.elementor-widget-heading .elementor-heading-title{font-family:var( --e-global-typography-primary-font-family ), Sora;font-size:var( --e-global-typography-primary-font-size );font-weight:var( --e-global-typography-primary-font-weight );color:var( --e-global-color-primary );}.elementor-55024 .elementor-element.elementor-element-51c9f77{text-align:center;}.elementor-55024 .elementor-element.elementor-element-51c9f77 .elementor-heading-title{font-family:\"Sora\", Sora;font-size:1.5em;}.elementor-55024 .elementor-element.elementor-element-51c9f77 > .elementor-widget-container{margin:20px 0px 0px 0px;}.elementor-55024 .elementor-element.elementor-element-51c9f77.elementor-element{--flex-grow:0;--flex-shrink:0;}.elementor-55024 .elementor-element.elementor-element-d478f7e{text-align:center;}.elementor-55024 .elementor-element.elementor-element-d478f7e .elementor-heading-title{font-family:var( --e-global-typography-text-font-family ), Sora;font-size:var( --e-global-typography-text-font-size );font-weight:var( --e-global-typography-text-font-weight );color:var( --e-global-color-secondary );}.elementor-55024 .elementor-element.elementor-element-325f457{text-align:center;}.elementor-55024 .elementor-element.elementor-element-325f457 .elementor-heading-title{font-family:var( --e-global-typography-text-font-family ), Sora;font-size:var( --e-global-typography-text-font-size );font-weight:var( --e-global-typography-text-font-weight );color:var( --e-global-color-secondary );}.elementor-widget-button .elementor-button{font-family:var( --e-global-typography-accent-font-family ), Sora;font-weight:var( --e-global-typography-accent-font-weight );background-color:var( --e-global-color-accent );}.elementor-55024 .elementor-element.elementor-element-3810af8 .elementor-button{background-color:var( --e-global-color-9cfc970 );}.elementor-55024 .elementor-element.elementor-element-3810af8 > .elementor-widget-container{margin:20px 0px 0px 0px;}@media(max-width:1024px){.elementor-widget-image .widget-image-caption{font-size:var( --e-global-typography-text-font-size );}.elementor-widget-heading .elementor-heading-title{font-size:var( --e-global-typography-primary-font-size );}.elementor-55024 .elementor-element.elementor-element-d478f7e .elementor-heading-title{font-size:var( --e-global-typography-text-font-size );}.elementor-55024 .elementor-element.elementor-element-325f457 .elementor-heading-title{font-size:var( --e-global-typography-text-font-size );}}@media(max-width:767px){.elementor-widget-image .widget-image-caption{font-size:var( --e-global-typography-text-font-size );}.elementor-widget-heading .elementor-heading-title{font-size:var( --e-global-typography-primary-font-size );}.elementor-55024 .elementor-element.elementor-element-d478f7e .elementor-heading-title{font-size:var( --e-global-typography-text-font-size );}.elementor-55024 .elementor-element.elementor-element-325f457 .elementor-heading-title{font-size:var( --e-global-typography-text-font-size );}}\/* Start custom CSS for heading, class: .elementor-element-51c9f77 *\/.elementor-55024 .elementor-element.elementor-element-51c9f77{min-height: 6em}\/* End custom CSS *\/<\/style>\t\t<div data-elementor-type=\"loop-item\" data-elementor-id=\"55024\" class=\"elementor elementor-55024 e-loop-item e-loop-item-55081 post-55081 job type-job status-publish hentry\" data-elementor-post-type=\"elementor_library\" data-custom-edit-handle=\"1\">\n\t\t\t<div class=\"elementor-element elementor-element-ea34de1 e-flex e-con-boxed e-con e-parent\" data-id=\"ea34de1\" data-element_type=\"container\" data-e-type=\"container\" data-settings=\"{&quot;background_background&quot;:&quot;classic&quot;}\">\n\t\t\t\t\t<div class=\"e-con-inner\">\n\t\t\t\t<div class=\"elementor-element elementor-element-6ccbb96 elementor-widget elementor-widget-image\" data-id=\"6ccbb96\" data-element_type=\"widget\" data-e-type=\"widget\" data-widget_type=\"image.default\">\n\t\t\t\t<div class=\"elementor-widget-container\">\n\t\t\t\t\t\t\t\t\t\t\t\t\t\t\t<img loading=\"lazy\" decoding=\"async\" width=\"800\" height=\"800\" src=\"https:\/\/duratis.com\/wp-content\/uploads\/2026\/03\/jobs-duratis-sales.jpg\" class=\"attachment-large size-large wp-image-55020\" alt=\"\" srcset=\"https:\/\/duratis.com\/wp-content\/uploads\/2026\/03\/jobs-duratis-sales.jpg 800w, https:\/\/duratis.com\/wp-content\/uploads\/2026\/03\/jobs-duratis-sales-300x300.jpg 300w, https:\/\/duratis.com\/wp-content\/uploads\/2026\/03\/jobs-duratis-sales-150x150.jpg 150w, https:\/\/duratis.com\/wp-content\/uploads\/2026\/03\/jobs-duratis-sales-768x768.jpg 768w, https:\/\/duratis.com\/wp-content\/uploads\/2026\/03\/jobs-duratis-sales-12x12.jpg 12w\" sizes=\"auto, (max-width: 800px) 100vw, 800px\" \/>\t\t\t\t\t\t\t\t\t\t\t\t\t\t\t<\/div>\n\t\t\t\t<\/div>\n\t\t\t\t<div class=\"elementor-element elementor-element-51c9f77 elementor-widget elementor-widget-heading\" data-id=\"51c9f77\" data-element_type=\"widget\" data-e-type=\"widget\" data-widget_type=\"heading.default\">\n\t\t\t\t<div class=\"elementor-widget-container\">\n\t\t\t\t\t<h2 class=\"elementor-heading-title elementor-size-default\">Repr\u00e9sentant commercial B2B \u00e0 distance<\/h2>\t\t\t\t<\/div>\n\t\t\t\t<\/div>\n\t\t\t\t<div class=\"elementor-element elementor-element-d478f7e elementor-widget elementor-widget-heading\" data-id=\"d478f7e\" data-element_type=\"widget\" data-e-type=\"widget\" data-widget_type=\"heading.default\">\n\t\t\t\t<div class=\"elementor-widget-container\">\n\t\t\t\t\t<h3 class=\"elementor-heading-title elementor-size-default\">Lieu de travail : A distance<\/h3>\t\t\t\t<\/div>\n\t\t\t\t<\/div>\n\t\t\t\t<div class=\"elementor-element elementor-element-325f457 elementor-widget elementor-widget-heading\" data-id=\"325f457\" data-element_type=\"widget\" data-e-type=\"widget\" data-widget_type=\"heading.default\">\n\t\t\t\t<div class=\"elementor-widget-container\">\n\t\t\t\t\t<h3 class=\"elementor-heading-title elementor-size-default\">2026-03-16<\/h3>\t\t\t\t<\/div>\n\t\t\t\t<\/div>\n\t\t\t\t<div class=\"elementor-element elementor-element-3810af8 elementor-align-center elementor-widget elementor-widget-button\" data-id=\"3810af8\" data-element_type=\"widget\" data-e-type=\"widget\" data-widget_type=\"button.default\">\n\t\t\t\t<div class=\"elementor-widget-container\">\n\t\t\t\t\t\t\t\t\t<div class=\"elementor-button-wrapper\">\n\t\t\t\t\t<a class=\"elementor-button elementor-button-link elementor-size-sm\" href=\"https:\/\/duratis.com\/fr\/job\/remote-b2b-sales-representative\/\">\n\t\t\t\t\t\t<span class=\"elementor-button-content-wrapper\">\n\t\t\t\t\t\t\t\t\t<span class=\"elementor-button-text\">En savoir plus<\/span>\n\t\t\t\t\t<\/span>\n\t\t\t\t\t<\/a>\n\t\t\t\t<\/div>\n\t\t\t\t\t\t\t\t<\/div>\n\t\t\t\t<\/div>\n\t\t\t\t\t<\/div>\n\t\t\t\t<\/div>\n\t\t\t\t<\/div>\n\t\t\t\t<div data-elementor-type=\"loop-item\" data-elementor-id=\"55024\" class=\"elementor elementor-55024 e-loop-item e-loop-item-55067 post-55067 job type-job status-publish hentry\" data-elementor-post-type=\"elementor_library\" data-custom-edit-handle=\"1\">\n\t\t\t<div class=\"elementor-element elementor-element-ea34de1 e-flex e-con-boxed e-con e-parent\" data-id=\"ea34de1\" data-element_type=\"container\" data-e-type=\"container\" data-settings=\"{&quot;background_background&quot;:&quot;classic&quot;}\">\n\t\t\t\t\t<div class=\"e-con-inner\">\n\t\t\t\t<div class=\"elementor-element elementor-element-6ccbb96 elementor-widget elementor-widget-image\" data-id=\"6ccbb96\" data-element_type=\"widget\" data-e-type=\"widget\" data-widget_type=\"image.default\">\n\t\t\t\t<div class=\"elementor-widget-container\">\n\t\t\t\t\t\t\t\t\t\t\t\t\t\t\t<img loading=\"lazy\" decoding=\"async\" width=\"800\" height=\"800\" src=\"https:\/\/duratis.com\/wp-content\/uploads\/2026\/03\/jobs-duratis-marketing.jpg\" class=\"attachment-large size-large wp-image-55019\" alt=\"\" srcset=\"https:\/\/duratis.com\/wp-content\/uploads\/2026\/03\/jobs-duratis-marketing.jpg 800w, https:\/\/duratis.com\/wp-content\/uploads\/2026\/03\/jobs-duratis-marketing-300x300.jpg 300w, https:\/\/duratis.com\/wp-content\/uploads\/2026\/03\/jobs-duratis-marketing-150x150.jpg 150w, https:\/\/duratis.com\/wp-content\/uploads\/2026\/03\/jobs-duratis-marketing-768x768.jpg 768w, https:\/\/duratis.com\/wp-content\/uploads\/2026\/03\/jobs-duratis-marketing-12x12.jpg 12w\" sizes=\"auto, (max-width: 800px) 100vw, 800px\" \/>\t\t\t\t\t\t\t\t\t\t\t\t\t\t\t<\/div>\n\t\t\t\t<\/div>\n\t\t\t\t<div class=\"elementor-element elementor-element-51c9f77 elementor-widget elementor-widget-heading\" data-id=\"51c9f77\" data-element_type=\"widget\" data-e-type=\"widget\" data-widget_type=\"heading.default\">\n\t\t\t\t<div class=\"elementor-widget-container\">\n\t\t\t\t\t<h2 class=\"elementor-heading-title elementor-size-default\">Cr\u00e9ateur de contenu vid\u00e9o<\/h2>\t\t\t\t<\/div>\n\t\t\t\t<\/div>\n\t\t\t\t<div class=\"elementor-element elementor-element-d478f7e elementor-widget elementor-widget-heading\" data-id=\"d478f7e\" data-element_type=\"widget\" data-e-type=\"widget\" data-widget_type=\"heading.default\">\n\t\t\t\t<div class=\"elementor-widget-container\">\n\t\t\t\t\t<h3 class=\"elementor-heading-title elementor-size-default\">Lieu : Gdynia, Pologne<\/h3>\t\t\t\t<\/div>\n\t\t\t\t<\/div>\n\t\t\t\t<div class=\"elementor-element elementor-element-325f457 elementor-widget elementor-widget-heading\" data-id=\"325f457\" data-element_type=\"widget\" data-e-type=\"widget\" data-widget_type=\"heading.default\">\n\t\t\t\t<div class=\"elementor-widget-container\">\n\t\t\t\t\t<h3 class=\"elementor-heading-title elementor-size-default\">2026-03-06<\/h3>\t\t\t\t<\/div>\n\t\t\t\t<\/div>\n\t\t\t\t<div class=\"elementor-element elementor-element-3810af8 elementor-align-center elementor-widget elementor-widget-button\" data-id=\"3810af8\" data-element_type=\"widget\" data-e-type=\"widget\" data-widget_type=\"button.default\">\n\t\t\t\t<div class=\"elementor-widget-container\">\n\t\t\t\t\t\t\t\t\t<div class=\"elementor-button-wrapper\">\n\t\t\t\t\t<a class=\"elementor-button elementor-button-link elementor-size-sm\" href=\"https:\/\/duratis.com\/fr\/job\/video-content-creator\/\">\n\t\t\t\t\t\t<span class=\"elementor-button-content-wrapper\">\n\t\t\t\t\t\t\t\t\t<span class=\"elementor-button-text\">En savoir plus<\/span>\n\t\t\t\t\t<\/span>\n\t\t\t\t\t<\/a>\n\t\t\t\t<\/div>\n\t\t\t\t\t\t\t\t<\/div>\n\t\t\t\t<\/div>\n\t\t\t\t\t<\/div>\n\t\t\t\t<\/div>\n\t\t\t\t<\/div>\n\t\t\t\t<div data-elementor-type=\"loop-item\" data-elementor-id=\"55024\" class=\"elementor elementor-55024 e-loop-item e-loop-item-55018 post-55018 job type-job status-publish hentry\" data-elementor-post-type=\"elementor_library\" data-custom-edit-handle=\"1\">\n\t\t\t<div class=\"elementor-element elementor-element-ea34de1 e-flex e-con-boxed e-con e-parent\" data-id=\"ea34de1\" data-element_type=\"container\" data-e-type=\"container\" data-settings=\"{&quot;background_background&quot;:&quot;classic&quot;}\">\n\t\t\t\t\t<div class=\"e-con-inner\">\n\t\t\t\t<div class=\"elementor-element elementor-element-6ccbb96 elementor-widget elementor-widget-image\" data-id=\"6ccbb96\" data-element_type=\"widget\" data-e-type=\"widget\" data-widget_type=\"image.default\">\n\t\t\t\t<div class=\"elementor-widget-container\">\n\t\t\t\t\t\t\t\t\t\t\t\t\t\t\t<img loading=\"lazy\" decoding=\"async\" width=\"800\" height=\"800\" src=\"https:\/\/duratis.com\/wp-content\/uploads\/2026\/03\/jobs-duratis-sales.jpg\" class=\"attachment-large size-large wp-image-55020\" alt=\"\" srcset=\"https:\/\/duratis.com\/wp-content\/uploads\/2026\/03\/jobs-duratis-sales.jpg 800w, https:\/\/duratis.com\/wp-content\/uploads\/2026\/03\/jobs-duratis-sales-300x300.jpg 300w, https:\/\/duratis.com\/wp-content\/uploads\/2026\/03\/jobs-duratis-sales-150x150.jpg 150w, https:\/\/duratis.com\/wp-content\/uploads\/2026\/03\/jobs-duratis-sales-768x768.jpg 768w, https:\/\/duratis.com\/wp-content\/uploads\/2026\/03\/jobs-duratis-sales-12x12.jpg 12w\" sizes=\"auto, (max-width: 800px) 100vw, 800px\" \/>\t\t\t\t\t\t\t\t\t\t\t\t\t\t\t<\/div>\n\t\t\t\t<\/div>\n\t\t\t\t<div class=\"elementor-element elementor-element-51c9f77 elementor-widget elementor-widget-heading\" data-id=\"51c9f77\" data-element_type=\"widget\" data-e-type=\"widget\" data-widget_type=\"heading.default\">\n\t\t\t\t<div class=\"elementor-widget-container\">\n\t\t\t\t\t<h2 class=\"elementor-heading-title elementor-size-default\">Repr\u00e9sentant commercial B2B<\/h2>\t\t\t\t<\/div>\n\t\t\t\t<\/div>\n\t\t\t\t<div class=\"elementor-element elementor-element-d478f7e elementor-widget elementor-widget-heading\" data-id=\"d478f7e\" data-element_type=\"widget\" data-e-type=\"widget\" data-widget_type=\"heading.default\">\n\t\t\t\t<div class=\"elementor-widget-container\">\n\t\t\t\t\t<h3 class=\"elementor-heading-title elementor-size-default\">Lieu : Gdynia, Pologne<\/h3>\t\t\t\t<\/div>\n\t\t\t\t<\/div>\n\t\t\t\t<div class=\"elementor-element elementor-element-325f457 elementor-widget elementor-widget-heading\" data-id=\"325f457\" data-element_type=\"widget\" data-e-type=\"widget\" data-widget_type=\"heading.default\">\n\t\t\t\t<div class=\"elementor-widget-container\">\n\t\t\t\t\t<h3 class=\"elementor-heading-title elementor-size-default\">2026-03-11<\/h3>\t\t\t\t<\/div>\n\t\t\t\t<\/div>\n\t\t\t\t<div class=\"elementor-element elementor-element-3810af8 elementor-align-center elementor-widget elementor-widget-button\" data-id=\"3810af8\" data-element_type=\"widget\" data-e-type=\"widget\" data-widget_type=\"button.default\">\n\t\t\t\t<div class=\"elementor-widget-container\">\n\t\t\t\t\t\t\t\t\t<div class=\"elementor-button-wrapper\">\n\t\t\t\t\t<a class=\"elementor-button elementor-button-link elementor-size-sm\" href=\"https:\/\/duratis.com\/fr\/job\/b2b-sales\/\">\n\t\t\t\t\t\t<span class=\"elementor-button-content-wrapper\">\n\t\t\t\t\t\t\t\t\t<span class=\"elementor-button-text\">En savoir plus<\/span>\n\t\t\t\t\t<\/span>\n\t\t\t\t\t<\/a>\n\t\t\t\t<\/div>\n\t\t\t\t\t\t\t\t<\/div>\n\t\t\t\t<\/div>\n\t\t\t\t\t<\/div>\n\t\t\t\t<\/div>\n\t\t\t\t<\/div>\n\t\t\t\t<\/div>\n\t\t\n\t\t\t\t\t\t<\/div>\n\t\t\t\t<\/div>\n\t\t\t\t\t<\/div>\n\t\t\t\t<\/div>\n\t\t\t\t<\/div>","protected":false},"excerpt":{"rendered":"<p>Explorer les possibilit\u00e9s de carri\u00e8re<\/p>","protected":false},"author":6,"featured_media":0,"parent":0,"menu_order":0,"comment_status":"closed","ping_status":"closed","template":"","meta":{"footnotes":""},"class_list":["post-55022","page","type-page","status-publish","hentry"],"yoast_head":"<!-- This site is optimized with the Yoast SEO plugin v26.7 - https:\/\/yoast.com\/wordpress\/plugins\/seo\/ -->\n<title>Careers - Duratis Accessories | Cases, Mounts, Screen &amp; Keypad Protectors<\/title>\n<meta name=\"robots\" content=\"index, follow, max-snippet:-1, max-image-preview:large, max-video-preview:-1\" \/>\n<link rel=\"canonical\" href=\"https:\/\/duratis.com\/fr\/careers\/\" \/>\n<meta property=\"og:locale\" content=\"fr_FR\" \/>\n<meta property=\"og:type\" content=\"article\" \/>\n<meta property=\"og:title\" content=\"Careers - Duratis Accessories | Cases, Mounts, Screen &amp; Keypad Protectors\" \/>\n<meta property=\"og:description\" content=\"Explore Career Opportunities\" \/>\n<meta property=\"og:url\" content=\"https:\/\/duratis.com\/fr\/careers\/\" \/>\n<meta property=\"og:site_name\" content=\"Duratis Accessories | Cases, Mounts, Screen &amp; Keypad Protectors\" \/>\n<meta property=\"article:publisher\" content=\"https:\/\/www.facebook.com\/duratis\/\" \/>\n<meta property=\"article:modified_time\" content=\"2026-03-16T07:45:20+00:00\" \/>\n<meta name=\"twitter:card\" content=\"summary_large_image\" \/>\n<script type=\"application\/ld+json\" class=\"yoast-schema-graph\">{\"@context\":\"https:\/\/schema.org\",\"@graph\":[{\"@type\":\"WebPage\",\"@id\":\"https:\/\/duratis.com\/careers\/\",\"url\":\"https:\/\/duratis.com\/careers\/\",\"name\":\"Careers - Duratis Accessories | Cases, Mounts, Screen &amp; Keypad Protectors\",\"isPartOf\":{\"@id\":\"https:\/\/duratis.com\/#website\"},\"datePublished\":\"2026-03-12T13:37:13+00:00\",\"dateModified\":\"2026-03-16T07:45:20+00:00\",\"breadcrumb\":{\"@id\":\"https:\/\/duratis.com\/careers\/#breadcrumb\"},\"inLanguage\":\"fr-FR\",\"potentialAction\":[{\"@type\":\"ReadAction\",\"target\":[\"https:\/\/duratis.com\/careers\/\"]}]},{\"@type\":\"BreadcrumbList\",\"@id\":\"https:\/\/duratis.com\/careers\/#breadcrumb\",\"itemListElement\":[{\"@type\":\"ListItem\",\"position\":1,\"name\":\"Home\",\"item\":\"https:\/\/duratis.com\/\"},{\"@type\":\"ListItem\",\"position\":2,\"name\":\"Careers\"}]},{\"@type\":\"WebSite\",\"@id\":\"https:\/\/duratis.com\/#website\",\"url\":\"https:\/\/duratis.com\/\",\"name\":\"Duratis Accessories | Custom-made Cases, Holsters, Mounts, Screen & Keypad Protectors\",\"description\":\"We make accessories for payment terminals, mobile scanners, mobile computers and other devices.\",\"publisher\":{\"@id\":\"https:\/\/duratis.com\/#organization\"},\"potentialAction\":[{\"@type\":\"SearchAction\",\"target\":{\"@type\":\"EntryPoint\",\"urlTemplate\":\"https:\/\/duratis.com\/?s={search_term_string}\"},\"query-input\":{\"@type\":\"PropertyValueSpecification\",\"valueRequired\":true,\"valueName\":\"search_term_string\"}}],\"inLanguage\":\"fr-FR\"},{\"@type\":\"Organization\",\"@id\":\"https:\/\/duratis.com\/#organization\",\"name\":\"Duratis\",\"url\":\"https:\/\/duratis.com\/\",\"logo\":{\"@type\":\"ImageObject\",\"inLanguage\":\"fr-FR\",\"@id\":\"https:\/\/duratis.com\/#\/schema\/logo\/image\/\",\"url\":\"https:\/\/duratis.com\/wp-content\/uploads\/2024\/08\/duratis-logo.svg\",\"contentUrl\":\"https:\/\/duratis.com\/wp-content\/uploads\/2024\/08\/duratis-logo.svg\",\"width\":270,\"height\":61,\"caption\":\"Duratis\"},\"image\":{\"@id\":\"https:\/\/duratis.com\/#\/schema\/logo\/image\/\"},\"sameAs\":[\"https:\/\/www.facebook.com\/duratis\/\",\"https:\/\/www.linkedin.com\/company\/duratis-accessories\/\",\"https:\/\/www.youtube.com\/channel\/UCgCWiGf6mJ-MMSx3M1gfdeg\/featured\"]}]}<\/script>\n<!-- \/ Yoast SEO plugin. -->","yoast_head_json":{"title":"Carri\u00e8res - Accessoires Duratis | \u00c9tuis, supports, protections d'\u00e9cran et de clavier","robots":{"index":"index","follow":"follow","max-snippet":"max-snippet:-1","max-image-preview":"max-image-preview:large","max-video-preview":"max-video-preview:-1"},"canonical":"https:\/\/duratis.com\/fr\/careers\/","og_locale":"fr_FR","og_type":"article","og_title":"Careers - Duratis Accessories | Cases, Mounts, Screen &amp; Keypad Protectors","og_description":"Explore Career Opportunities","og_url":"https:\/\/duratis.com\/fr\/careers\/","og_site_name":"Duratis Accessories | Cases, Mounts, Screen &amp; Keypad Protectors","article_publisher":"https:\/\/www.facebook.com\/duratis\/","article_modified_time":"2026-03-16T07:45:20+00:00","twitter_card":"summary_large_image","schema":{"@context":"https:\/\/schema.org","@graph":[{"@type":"WebPage","@id":"https:\/\/duratis.com\/careers\/","url":"https:\/\/duratis.com\/careers\/","name":"Carri\u00e8res - Accessoires Duratis | \u00c9tuis, supports, protections d'\u00e9cran et de clavier","isPartOf":{"@id":"https:\/\/duratis.com\/#website"},"datePublished":"2026-03-12T13:37:13+00:00","dateModified":"2026-03-16T07:45:20+00:00","breadcrumb":{"@id":"https:\/\/duratis.com\/careers\/#breadcrumb"},"inLanguage":"fr-FR","potentialAction":[{"@type":"ReadAction","target":["https:\/\/duratis.com\/careers\/"]}]},{"@type":"BreadcrumbList","@id":"https:\/\/duratis.com\/careers\/#breadcrumb","itemListElement":[{"@type":"ListItem","position":1,"name":"Home","item":"https:\/\/duratis.com\/"},{"@type":"ListItem","position":2,"name":"Careers"}]},{"@type":"WebSite","@id":"https:\/\/duratis.com\/#website","url":"https:\/\/duratis.com\/","name":"Accessoires Duratis | Etuis, housses, supports, protections d'\u00e9cran et de clavier sur mesure","description":"Nous fabriquons des accessoires pour les terminaux de paiement, les scanners mobiles, les ordinateurs mobiles et d'autres appareils.","publisher":{"@id":"https:\/\/duratis.com\/#organization"},"potentialAction":[{"@type":"SearchAction","target":{"@type":"EntryPoint","urlTemplate":"https:\/\/duratis.com\/?s={search_term_string}"},"query-input":{"@type":"PropertyValueSpecification","valueRequired":true,"valueName":"search_term_string"}}],"inLanguage":"fr-FR"},{"@type":"Organization","@id":"https:\/\/duratis.com\/#organization","name":"Duratis","url":"https:\/\/duratis.com\/","logo":{"@type":"ImageObject","inLanguage":"fr-FR","@id":"https:\/\/duratis.com\/#\/schema\/logo\/image\/","url":"https:\/\/duratis.com\/wp-content\/uploads\/2024\/08\/duratis-logo.svg","contentUrl":"https:\/\/duratis.com\/wp-content\/uploads\/2024\/08\/duratis-logo.svg","width":270,"height":61,"caption":"Duratis"},"image":{"@id":"https:\/\/duratis.com\/#\/schema\/logo\/image\/"},"sameAs":["https:\/\/www.facebook.com\/duratis\/","https:\/\/www.linkedin.com\/company\/duratis-accessories\/","https:\/\/www.youtube.com\/channel\/UCgCWiGf6mJ-MMSx3M1gfdeg\/featured"]}]}},"_links":{"self":[{"href":"https:\/\/duratis.com\/fr\/wp-json\/wp\/v2\/pages\/55022","targetHints":{"allow":["GET"]}}],"collection":[{"href":"https:\/\/duratis.com\/fr\/wp-json\/wp\/v2\/pages"}],"about":[{"href":"https:\/\/duratis.com\/fr\/wp-json\/wp\/v2\/types\/page"}],"author":[{"embeddable":true,"href":"https:\/\/duratis.com\/fr\/wp-json\/wp\/v2\/users\/6"}],"replies":[{"embeddable":true,"href":"https:\/\/duratis.com\/fr\/wp-json\/wp\/v2\/comments?post=55022"}],"version-history":[{"count":28,"href":"https:\/\/duratis.com\/fr\/wp-json\/wp\/v2\/pages\/55022\/revisions"}],"predecessor-version":[{"id":55084,"href":"https:\/\/duratis.com\/fr\/wp-json\/wp\/v2\/pages\/55022\/revisions\/55084"}],"wp:attachment":[{"href":"https:\/\/duratis.com\/fr\/wp-json\/wp\/v2\/media?parent=55022"}],"curies":[{"name":"wp","href":"https:\/\/api.w.org\/{rel}","templated":true}]}}