{"id":44590,"date":"2025-03-30T21:00:44","date_gmt":"2025-03-30T19:00:44","guid":{"rendered":"https:\/\/duratis.com\/?page_id=44590"},"modified":"2025-03-30T21:09:53","modified_gmt":"2025-03-30T19:09:53","slug":"support","status":"publish","type":"page","link":"https:\/\/duratis.com\/fr\/support\/","title":{"rendered":"Soutien"},"content":{"rendered":"<div data-elementor-type=\"wp-page\" data-elementor-id=\"44590\" class=\"elementor elementor-44590\" data-elementor-post-type=\"page\">\n\t\t\t\t\t\t<section class=\"elementor-section elementor-top-section elementor-element elementor-element-81d743b elementor-reverse-mobile elementor-section-boxed elementor-section-height-default elementor-section-height-default\" data-id=\"81d743b\" data-element_type=\"section\" data-e-type=\"section\">\n\t\t\t\t\t\t<div class=\"elementor-container elementor-column-gap-default\">\n\t\t\t\t\t<div class=\"elementor-column elementor-col-50 elementor-top-column elementor-element elementor-element-a238b64\" data-id=\"a238b64\" data-element_type=\"column\" data-e-type=\"column\">\n\t\t\t<div class=\"elementor-widget-wrap elementor-element-populated\">\n\t\t\t\t\t\t<div class=\"elementor-element elementor-element-3240382 elementor-widget elementor-widget-heading\" data-id=\"3240382\" data-element_type=\"widget\" data-e-type=\"widget\" data-widget_type=\"heading.default\">\n\t\t\t\t<div class=\"elementor-widget-container\">\n\t\t\t\t\t<h1 class=\"elementor-heading-title elementor-size-default\">Nous sommes l\u00e0 pour <strong>Aide<\/strong><\/h1>\t\t\t\t<\/div>\n\t\t\t\t<\/div>\n\t\t\t\t<div class=\"elementor-element elementor-element-a19d245 elementor-widget elementor-widget-text-editor\" data-id=\"a19d245\" data-element_type=\"widget\" data-e-type=\"widget\" data-widget_type=\"text-editor.default\">\n\t\t\t\t<div class=\"elementor-widget-container\">\n\t\t\t\t\t\t\t\t\t<p>Chez Duratis, nous nous engageons \u00e0 vous fournir une assistance de premier ordre, que vous ayez besoin d'aide pour choisir les bons accessoires, pour personnaliser une solution ou pour \u00e9tablir un partenariat avec nous. Vous trouverez ci-dessous les meilleurs moyens de nous contacter, ainsi que les r\u00e9ponses aux questions les plus fr\u00e9quentes.<\/p>\t\t\t\t\t\t\t\t<\/div>\n\t\t\t\t<\/div>\n\t\t\t\t\t<\/div>\n\t\t<\/div>\n\t\t\t\t<div class=\"elementor-column elementor-col-50 elementor-top-column elementor-element elementor-element-3231d69\" data-id=\"3231d69\" data-element_type=\"column\" data-e-type=\"column\">\n\t\t\t<div class=\"elementor-widget-wrap\">\n\t\t\t\t\t\t\t<\/div>\n\t\t<\/div>\n\t\t\t\t\t<\/div>\n\t\t<\/section>\n\t\t\t\t<section class=\"elementor-section elementor-top-section elementor-element elementor-element-82fa0fa elementor-section-boxed elementor-section-height-default elementor-section-height-default\" data-id=\"82fa0fa\" data-element_type=\"section\" data-e-type=\"section\">\n\t\t\t\t\t\t<div class=\"elementor-container elementor-column-gap-wider\">\n\t\t\t\t\t<div class=\"elementor-column elementor-col-50 elementor-top-column elementor-element elementor-element-0f650ca\" data-id=\"0f650ca\" data-element_type=\"column\" data-e-type=\"column\">\n\t\t\t<div class=\"elementor-widget-wrap elementor-element-populated\">\n\t\t\t\t\t\t<div class=\"elementor-element elementor-element-a5f7fdf elementor-widget elementor-widget-heading\" data-id=\"a5f7fdf\" data-element_type=\"widget\" data-e-type=\"widget\" data-widget_type=\"heading.default\">\n\t\t\t\t<div class=\"elementor-widget-container\">\n\t\t\t\t\t<h2 class=\"elementor-heading-title elementor-size-default\">Soutien aux produits<\/h2>\t\t\t\t<\/div>\n\t\t\t\t<\/div>\n\t\t\t\t<div class=\"elementor-element elementor-element-471adb3 elementor-widget elementor-widget-text-editor\" data-id=\"471adb3\" data-element_type=\"widget\" data-e-type=\"widget\" data-widget_type=\"text-editor.default\">\n\t\t\t\t<div class=\"elementor-widget-container\">\n\t\t\t\t\t\t\t\t\t<p>Vous cherchez l'ajustement parfait ? Notre \u00e9quipe d'assistance produit est l\u00e0 pour vous aider :<\/p><p>\u2705 Choisir les bons accessoires pour r\u00e9pondre \u00e0 vos besoins sp\u00e9cifiques.<\/p><p>\u2705 Personnaliser les solutions existantes pour r\u00e9pondre \u00e0 des besoins uniques.<\/p><p>\u2705 Concevoir de nouveaux produits adapt\u00e9s \u00e0 vos sp\u00e9cifications.<br \/><br \/>Nous sommes heureux de vous aider \u00e0 trouver ou \u00e0 cr\u00e9er la meilleure solution.<\/p>\t\t\t\t\t\t\t\t<\/div>\n\t\t\t\t<\/div>\n\t\t\t\t<div class=\"elementor-element elementor-element-94c969c elementor-widget elementor-widget-button\" data-id=\"94c969c\" data-element_type=\"widget\" data-e-type=\"widget\" data-widget_type=\"button.default\">\n\t\t\t\t<div class=\"elementor-widget-container\">\n\t\t\t\t\t\t\t\t\t<div class=\"elementor-button-wrapper\">\n\t\t\t\t\t<a class=\"elementor-button elementor-button-link elementor-size-sm\" href=\"mailto:support@duratis.com\">\n\t\t\t\t\t\t<span class=\"elementor-button-content-wrapper\">\n\t\t\t\t\t\t\t\t\t<span class=\"elementor-button-text\">support@duratis.com<\/span>\n\t\t\t\t\t<\/span>\n\t\t\t\t\t<\/a>\n\t\t\t\t<\/div>\n\t\t\t\t\t\t\t\t<\/div>\n\t\t\t\t<\/div>\n\t\t\t\t\t<\/div>\n\t\t<\/div>\n\t\t\t\t<div class=\"elementor-column elementor-col-50 elementor-top-column elementor-element elementor-element-66078fc\" data-id=\"66078fc\" data-element_type=\"column\" data-e-type=\"column\">\n\t\t\t<div class=\"elementor-widget-wrap elementor-element-populated\">\n\t\t\t\t\t\t<div class=\"elementor-element elementor-element-22e20e4 elementor-widget elementor-widget-heading\" data-id=\"22e20e4\" data-element_type=\"widget\" data-e-type=\"widget\" data-widget_type=\"heading.default\">\n\t\t\t\t<div class=\"elementor-widget-container\">\n\t\t\t\t\t<h2 class=\"elementor-heading-title elementor-size-default\">Soutien au marketing<\/h2>\t\t\t\t<\/div>\n\t\t\t\t<\/div>\n\t\t\t\t<div class=\"elementor-element elementor-element-9918f50 elementor-widget elementor-widget-text-editor\" data-id=\"9918f50\" data-element_type=\"widget\" data-e-type=\"widget\" data-widget_type=\"text-editor.default\">\n\t\t\t\t<div class=\"elementor-widget-container\">\n\t\t\t\t\t\t\t\t\t<p class=\"\" data-start=\"929\" data-end=\"1218\">Vous souhaitez travailler avec nous ? Notre \u00e9quipe marketing apporte son soutien :<\/p><p class=\"\" data-start=\"929\" data-end=\"1218\">\ud83e\udd1d <strong data-start=\"994\" data-end=\"1022\">Distributeurs et revendeurs<\/strong> qui cherchent \u00e0 \u00e9largir leur offre de produits.<\/p><p class=\"\" data-start=\"929\" data-end=\"1218\">\ud83c\udf0d <strong data-start=\"1071\" data-end=\"1096\">Partenariats commerciaux<\/strong> pour des opportunit\u00e9s de collaboration.<\/p><p class=\"\" data-start=\"929\" data-end=\"1218\">\ud83d\udce2 <strong data-start=\"1135\" data-end=\"1158\">Demandes de renseignements marketing<\/strong> y compris les m\u00e9dias, les parrainages et le mat\u00e9riel promotionnel.<\/p><p class=\"\" data-start=\"1220\" data-end=\"1319\">Nous appr\u00e9cions les partenariats solides - travaillons ensemble pour apporter des solutions innovantes \u00e0 un plus grand nombre de clients !<\/p>\t\t\t\t\t\t\t\t<\/div>\n\t\t\t\t<\/div>\n\t\t\t\t<div class=\"elementor-element elementor-element-7c97af2 elementor-widget elementor-widget-button\" data-id=\"7c97af2\" data-element_type=\"widget\" data-e-type=\"widget\" data-widget_type=\"button.default\">\n\t\t\t\t<div class=\"elementor-widget-container\">\n\t\t\t\t\t\t\t\t\t<div class=\"elementor-button-wrapper\">\n\t\t\t\t\t<a class=\"elementor-button elementor-button-link elementor-size-sm\" href=\"mailto:marketing@duratis.com\">\n\t\t\t\t\t\t<span class=\"elementor-button-content-wrapper\">\n\t\t\t\t\t\t\t\t\t<span class=\"elementor-button-text\">marketing@duratis.com<\/span>\n\t\t\t\t\t<\/span>\n\t\t\t\t\t<\/a>\n\t\t\t\t<\/div>\n\t\t\t\t\t\t\t\t<\/div>\n\t\t\t\t<\/div>\n\t\t\t\t\t<\/div>\n\t\t<\/div>\n\t\t\t\t\t<\/div>\n\t\t<\/section>\n\t\t\t\t<\/div>","protected":false},"excerpt":{"rendered":"<p>Nous sommes l\u00e0 pour vous aider. Chez Duratis, nous nous engageons \u00e0 vous fournir une assistance de premier ordre, que vous ayez besoin de conseils pour choisir les bons accessoires, personnaliser une solution ou collaborer avec nous. Vous trouverez ci-dessous les meilleures fa\u00e7ons de nous contacter, ainsi que les r\u00e9ponses aux questions fr\u00e9quemment pos\u00e9es. Assistance produit\u00a0: Vous recherchez la solution id\u00e9ale\u00a0? Notre \u00e9quipe d&#039;assistance produit est \u00e0 votre disposition [\u2026]<\/p>","protected":false},"author":6,"featured_media":0,"parent":0,"menu_order":0,"comment_status":"closed","ping_status":"closed","template":"","meta":{"footnotes":""},"class_list":["post-44590","page","type-page","status-publish","hentry"],"yoast_head":"<!-- This site is optimized with the Yoast SEO plugin v26.7 - https:\/\/yoast.com\/wordpress\/plugins\/seo\/ -->\n<title>Support - Duratis Accessories | Cases, Mounts, Screen &amp; Keypad Protectors<\/title>\n<meta name=\"robots\" content=\"index, follow, max-snippet:-1, max-image-preview:large, max-video-preview:-1\" \/>\n<link rel=\"canonical\" href=\"https:\/\/duratis.com\/fr\/support\/\" \/>\n<meta property=\"og:locale\" content=\"fr_FR\" \/>\n<meta property=\"og:type\" content=\"article\" \/>\n<meta property=\"og:title\" content=\"Support - Duratis Accessories | Cases, Mounts, Screen &amp; Keypad Protectors\" \/>\n<meta property=\"og:description\" content=\"We&#8217;re Here to Help At Duratis, we\u2019re committed to providing top-notch support\u2014whether you need guidance selecting the right accessories, customizing a solution, or partnering with us. Below, you&#8217;ll find the best ways to get in touch, along with answers to frequently asked questions. Product support Looking for the perfect fit? Our product support team is [&hellip;]\" \/>\n<meta property=\"og:url\" content=\"https:\/\/duratis.com\/fr\/support\/\" \/>\n<meta property=\"og:site_name\" content=\"Duratis Accessories | Cases, Mounts, Screen &amp; Keypad Protectors\" \/>\n<meta property=\"article:publisher\" content=\"https:\/\/www.facebook.com\/duratis\/\" \/>\n<meta property=\"article:modified_time\" content=\"2025-03-30T19:09:53+00:00\" \/>\n<meta name=\"twitter:card\" content=\"summary_large_image\" \/>\n<meta name=\"twitter:label1\" content=\"Dur\u00e9e de lecture estim\u00e9e\" \/>\n\t<meta name=\"twitter:data1\" content=\"1 minute\" \/>\n<script type=\"application\/ld+json\" class=\"yoast-schema-graph\">{\"@context\":\"https:\/\/schema.org\",\"@graph\":[{\"@type\":\"WebPage\",\"@id\":\"https:\/\/duratis.com\/support\/\",\"url\":\"https:\/\/duratis.com\/support\/\",\"name\":\"Support - Duratis Accessories | Cases, Mounts, Screen &amp; Keypad Protectors\",\"isPartOf\":{\"@id\":\"https:\/\/duratis.com\/#website\"},\"datePublished\":\"2025-03-30T19:00:44+00:00\",\"dateModified\":\"2025-03-30T19:09:53+00:00\",\"breadcrumb\":{\"@id\":\"https:\/\/duratis.com\/support\/#breadcrumb\"},\"inLanguage\":\"fr-FR\",\"potentialAction\":[{\"@type\":\"ReadAction\",\"target\":[\"https:\/\/duratis.com\/support\/\"]}]},{\"@type\":\"BreadcrumbList\",\"@id\":\"https:\/\/duratis.com\/support\/#breadcrumb\",\"itemListElement\":[{\"@type\":\"ListItem\",\"position\":1,\"name\":\"Home\",\"item\":\"https:\/\/duratis.com\/\"},{\"@type\":\"ListItem\",\"position\":2,\"name\":\"Support\"}]},{\"@type\":\"WebSite\",\"@id\":\"https:\/\/duratis.com\/#website\",\"url\":\"https:\/\/duratis.com\/\",\"name\":\"Duratis Accessories | Custom-made Cases, Holsters, Mounts, Screen & Keypad Protectors\",\"description\":\"We make accessories for payment terminals, mobile scanners, mobile computers and other devices.\",\"publisher\":{\"@id\":\"https:\/\/duratis.com\/#organization\"},\"potentialAction\":[{\"@type\":\"SearchAction\",\"target\":{\"@type\":\"EntryPoint\",\"urlTemplate\":\"https:\/\/duratis.com\/?s={search_term_string}\"},\"query-input\":{\"@type\":\"PropertyValueSpecification\",\"valueRequired\":true,\"valueName\":\"search_term_string\"}}],\"inLanguage\":\"fr-FR\"},{\"@type\":\"Organization\",\"@id\":\"https:\/\/duratis.com\/#organization\",\"name\":\"Duratis\",\"url\":\"https:\/\/duratis.com\/\",\"logo\":{\"@type\":\"ImageObject\",\"inLanguage\":\"fr-FR\",\"@id\":\"https:\/\/duratis.com\/#\/schema\/logo\/image\/\",\"url\":\"https:\/\/duratis.com\/wp-content\/uploads\/2024\/08\/duratis-logo.svg\",\"contentUrl\":\"https:\/\/duratis.com\/wp-content\/uploads\/2024\/08\/duratis-logo.svg\",\"width\":270,\"height\":61,\"caption\":\"Duratis\"},\"image\":{\"@id\":\"https:\/\/duratis.com\/#\/schema\/logo\/image\/\"},\"sameAs\":[\"https:\/\/www.facebook.com\/duratis\/\",\"https:\/\/www.linkedin.com\/company\/duratis-accessories\/\",\"https:\/\/www.youtube.com\/channel\/UCgCWiGf6mJ-MMSx3M1gfdeg\/featured\"]}]}<\/script>\n<!-- \/ Yoast SEO plugin. -->","yoast_head_json":{"title":"Support - Accessoires Duratis | Etuis, supports, protections d'\u00e9cran et de clavier","robots":{"index":"index","follow":"follow","max-snippet":"max-snippet:-1","max-image-preview":"max-image-preview:large","max-video-preview":"max-video-preview:-1"},"canonical":"https:\/\/duratis.com\/fr\/support\/","og_locale":"fr_FR","og_type":"article","og_title":"Support - Duratis Accessories | Cases, Mounts, Screen &amp; Keypad Protectors","og_description":"We&#8217;re Here to Help At Duratis, we\u2019re committed to providing top-notch support\u2014whether you need guidance selecting the right accessories, customizing a solution, or partnering with us. Below, you&#8217;ll find the best ways to get in touch, along with answers to frequently asked questions. Product support Looking for the perfect fit? Our product support team is [&hellip;]","og_url":"https:\/\/duratis.com\/fr\/support\/","og_site_name":"Duratis Accessories | Cases, Mounts, Screen &amp; Keypad Protectors","article_publisher":"https:\/\/www.facebook.com\/duratis\/","article_modified_time":"2025-03-30T19:09:53+00:00","twitter_card":"summary_large_image","twitter_misc":{"Dur\u00e9e de lecture estim\u00e9e":"1 minute"},"schema":{"@context":"https:\/\/schema.org","@graph":[{"@type":"WebPage","@id":"https:\/\/duratis.com\/support\/","url":"https:\/\/duratis.com\/support\/","name":"Support - Accessoires Duratis | Etuis, supports, protections d'\u00e9cran et de clavier","isPartOf":{"@id":"https:\/\/duratis.com\/#website"},"datePublished":"2025-03-30T19:00:44+00:00","dateModified":"2025-03-30T19:09:53+00:00","breadcrumb":{"@id":"https:\/\/duratis.com\/support\/#breadcrumb"},"inLanguage":"fr-FR","potentialAction":[{"@type":"ReadAction","target":["https:\/\/duratis.com\/support\/"]}]},{"@type":"BreadcrumbList","@id":"https:\/\/duratis.com\/support\/#breadcrumb","itemListElement":[{"@type":"ListItem","position":1,"name":"Home","item":"https:\/\/duratis.com\/"},{"@type":"ListItem","position":2,"name":"Support"}]},{"@type":"WebSite","@id":"https:\/\/duratis.com\/#website","url":"https:\/\/duratis.com\/","name":"Accessoires Duratis | Etuis, housses, supports, protections d'\u00e9cran et de clavier sur mesure","description":"Nous fabriquons des accessoires pour les terminaux de paiement, les scanners mobiles, les ordinateurs mobiles et d'autres appareils.","publisher":{"@id":"https:\/\/duratis.com\/#organization"},"potentialAction":[{"@type":"SearchAction","target":{"@type":"EntryPoint","urlTemplate":"https:\/\/duratis.com\/?s={search_term_string}"},"query-input":{"@type":"PropertyValueSpecification","valueRequired":true,"valueName":"search_term_string"}}],"inLanguage":"fr-FR"},{"@type":"Organization","@id":"https:\/\/duratis.com\/#organization","name":"Duratis","url":"https:\/\/duratis.com\/","logo":{"@type":"ImageObject","inLanguage":"fr-FR","@id":"https:\/\/duratis.com\/#\/schema\/logo\/image\/","url":"https:\/\/duratis.com\/wp-content\/uploads\/2024\/08\/duratis-logo.svg","contentUrl":"https:\/\/duratis.com\/wp-content\/uploads\/2024\/08\/duratis-logo.svg","width":270,"height":61,"caption":"Duratis"},"image":{"@id":"https:\/\/duratis.com\/#\/schema\/logo\/image\/"},"sameAs":["https:\/\/www.facebook.com\/duratis\/","https:\/\/www.linkedin.com\/company\/duratis-accessories\/","https:\/\/www.youtube.com\/channel\/UCgCWiGf6mJ-MMSx3M1gfdeg\/featured"]}]}},"_links":{"self":[{"href":"https:\/\/duratis.com\/fr\/wp-json\/wp\/v2\/pages\/44590","targetHints":{"allow":["GET"]}}],"collection":[{"href":"https:\/\/duratis.com\/fr\/wp-json\/wp\/v2\/pages"}],"about":[{"href":"https:\/\/duratis.com\/fr\/wp-json\/wp\/v2\/types\/page"}],"author":[{"embeddable":true,"href":"https:\/\/duratis.com\/fr\/wp-json\/wp\/v2\/users\/6"}],"replies":[{"embeddable":true,"href":"https:\/\/duratis.com\/fr\/wp-json\/wp\/v2\/comments?post=44590"}],"version-history":[{"count":0,"href":"https:\/\/duratis.com\/fr\/wp-json\/wp\/v2\/pages\/44590\/revisions"}],"wp:attachment":[{"href":"https:\/\/duratis.com\/fr\/wp-json\/wp\/v2\/media?parent=44590"}],"curies":[{"name":"wp","href":"https:\/\/api.w.org\/{rel}","templated":true}]}}