{"id":51937,"date":"2025-12-22T10:41:22","date_gmt":"2025-12-22T09:41:22","guid":{"rendered":"https:\/\/duratis.com\/?page_id=51937"},"modified":"2026-04-29T09:56:51","modified_gmt":"2026-04-29T07:56:51","slug":"industries","status":"publish","type":"page","link":"https:\/\/duratis.com\/es\/industries\/","title":{"rendered":"Industrias"},"content":{"rendered":"<div data-elementor-type=\"wp-page\" data-elementor-id=\"51937\" class=\"elementor elementor-51937\" data-elementor-post-type=\"page\">\n\t\t\t\t<div class=\"elementor-element elementor-element-3ec751b e-flex e-con-boxed e-con e-parent\" data-id=\"3ec751b\" data-element_type=\"container\" data-e-type=\"container\">\n\t\t\t\t\t<div class=\"e-con-inner\">\n\t\t\t\t<div class=\"elementor-element elementor-element-c5ceb20 elementor-widget elementor-widget-breadcrumbs\" data-id=\"c5ceb20\" data-element_type=\"widget\" data-e-type=\"widget\" data-widget_type=\"breadcrumbs.default\">\n\t\t\t\t<div class=\"elementor-widget-container\">\n\t\t\t\t\t<p id=\"breadcrumbs\"><span><span><a href=\"https:\/\/duratis.com\/es\/\">Inicio<\/a><\/span><\/span><\/p>\t\t\t\t<\/div>\n\t\t\t\t<\/div>\n\t\t\t\t<div class=\"elementor-element elementor-element-b89f816 elementor-widget elementor-widget-heading\" data-id=\"b89f816\" data-element_type=\"widget\" data-e-type=\"widget\" data-widget_type=\"heading.default\">\n\t\t\t\t<div class=\"elementor-widget-container\">\n\t\t\t\t\t<h2 class=\"elementor-heading-title elementor-size-default\">Encuentre accesorios para su sector<\/h2>\t\t\t\t<\/div>\n\t\t\t\t<\/div>\n\t\t<div class=\"elementor-element elementor-element-fc8fd99 e-grid e-con-full e-con e-child\" data-id=\"fc8fd99\" data-element_type=\"container\" data-e-type=\"container\" data-settings=\"{&quot;background_background&quot;:&quot;classic&quot;}\">\n\t\t\t\t<div class=\"elementor-element elementor-element-70b4b73 elementor-flip-box--effect-flip elementor-flip-box--direction-up elementor-widget elementor-widget-flip-box\" data-id=\"70b4b73\" data-element_type=\"widget\" data-e-type=\"widget\" data-widget_type=\"flip-box.default\">\n\t\t\t\t<div class=\"elementor-widget-container\">\n\t\t\t\t\t\t\t<div class=\"elementor-flip-box\" tabindex=\"0\">\n\t\t\t<div class=\"elementor-flip-box__layer elementor-flip-box__front\">\n\t\t\t\t<div class=\"elementor-flip-box__layer__overlay\">\n\t\t\t\t\t<div class=\"elementor-flip-box__layer__inner\">\n\t\t\t\t\t\t\n\t\t\t\t\t\t\t\t\t\t\t\t\t<h3 class=\"elementor-flip-box__layer__title\">\n\t\t\t\t\t\t\t\tVenta al por menor\t\t\t\t\t\t\t<\/h3>\n\t\t\t\t\t\t\n\t\t\t\t\t\t\t\t\t\t\t<\/div>\n\t\t\t\t<\/div>\n\t\t\t<\/div>\n\t\t\t<a class=\"elementor-flip-box__layer elementor-flip-box__back\" href=\"https:\/\/duratis.com\/es\/industries\/accessories-for-retail-industry\/\">\n\t\t\t<div class=\"elementor-flip-box__layer__overlay\">\n\t\t\t\t<div class=\"elementor-flip-box__layer__inner\">\n\t\t\t\t\t\n\t\t\t\t\t\t\t\t\t\t\t<div class=\"elementor-flip-box__layer__description\">\n\t\t\t\t\t\t\tDesde cajas hasta TPV m\u00f3viles y zonas de almacenamiento, nuestros accesorios ayudan a los minoristas a agilizar las operaciones, proteger los dispositivos y garantizar la movilidad en toda la tienda.\t\t\t\t\t\t<\/div>\n\t\t\t\t\t\n\t\t\t\t\t\t\t\t\t\t\t<span class=\"elementor-flip-box__button elementor-button elementor-size-sm\">\n\t\t\t\t\t\t\tBuscar accesorios para minoristas\t\t\t\t\t\t<\/span>\n\t\t\t\t\t\t\t\t<\/div>\n\t\t<\/div>\n\t\t<\/a>\n\t\t<\/div>\n\t\t\t\t\t\t<\/div>\n\t\t\t\t<\/div>\n\t\t\t\t<div class=\"elementor-element elementor-element-e604b2e elementor-flip-box--effect-flip elementor-flip-box--direction-up elementor-widget elementor-widget-flip-box\" data-id=\"e604b2e\" data-element_type=\"widget\" data-e-type=\"widget\" data-widget_type=\"flip-box.default\">\n\t\t\t\t<div class=\"elementor-widget-container\">\n\t\t\t\t\t\t\t<div class=\"elementor-flip-box\" tabindex=\"0\">\n\t\t\t<div class=\"elementor-flip-box__layer elementor-flip-box__front\">\n\t\t\t\t<div class=\"elementor-flip-box__layer__overlay\">\n\t\t\t\t\t<div class=\"elementor-flip-box__layer__inner\">\n\t\t\t\t\t\t\n\t\t\t\t\t\t\t\t\t\t\t\t\t<h3 class=\"elementor-flip-box__layer__title\">\n\t\t\t\t\t\t\t\tTransporte\t\t\t\t\t\t\t<\/h3>\n\t\t\t\t\t\t\n\t\t\t\t\t\t\t\t\t\t\t<\/div>\n\t\t\t\t<\/div>\n\t\t\t<\/div>\n\t\t\t<a class=\"elementor-flip-box__layer elementor-flip-box__back\" href=\"https:\/\/duratis.com\/es\/industries\/accessories-for-transportation\/\">\n\t\t\t<div class=\"elementor-flip-box__layer__overlay\">\n\t\t\t\t<div class=\"elementor-flip-box__layer__inner\">\n\t\t\t\t\t\n\t\t\t\t\t\t\t\t\t\t\t<div class=\"elementor-flip-box__layer__description\">\n\t\t\t\t\t\t\tYa se trate de transporte p\u00fablico, servicios de mensajer\u00eda, flotas de carga o taxis, los accesorios Duratis mejoran la usabilidad de los dispositivos en movimiento, garantizando su durabilidad y comodidad en entornos de alta movilidad.\t\t\t\t\t\t<\/div>\n\t\t\t\t\t\n\t\t\t\t\t\t\t\t\t\t\t<span class=\"elementor-flip-box__button elementor-button elementor-size-sm\">\n\t\t\t\t\t\t\tBuscar accesorios para el transporte\t\t\t\t\t\t<\/span>\n\t\t\t\t\t\t\t\t<\/div>\n\t\t<\/div>\n\t\t<\/a>\n\t\t<\/div>\n\t\t\t\t\t\t<\/div>\n\t\t\t\t<\/div>\n\t\t\t\t<div class=\"elementor-element elementor-element-9889ad2 elementor-flip-box--effect-flip elementor-flip-box--direction-up elementor-widget elementor-widget-flip-box\" data-id=\"9889ad2\" data-element_type=\"widget\" data-e-type=\"widget\" data-widget_type=\"flip-box.default\">\n\t\t\t\t<div class=\"elementor-widget-container\">\n\t\t\t\t\t\t\t<div class=\"elementor-flip-box\" tabindex=\"0\">\n\t\t\t<div class=\"elementor-flip-box__layer elementor-flip-box__front\">\n\t\t\t\t<div class=\"elementor-flip-box__layer__overlay\">\n\t\t\t\t\t<div class=\"elementor-flip-box__layer__inner\">\n\t\t\t\t\t\t\n\t\t\t\t\t\t\t\t\t\t\t\t\t<h3 class=\"elementor-flip-box__layer__title\">\n\t\t\t\t\t\t\t\tLog\u00edstica\t\t\t\t\t\t\t<\/h3>\n\t\t\t\t\t\t\n\t\t\t\t\t\t\t\t\t\t\t<\/div>\n\t\t\t\t<\/div>\n\t\t\t<\/div>\n\t\t\t<a class=\"elementor-flip-box__layer elementor-flip-box__back\" href=\"https:\/\/duratis.com\/es\/industries\/accessories-for-logistics\/\">\n\t\t\t<div class=\"elementor-flip-box__layer__overlay\">\n\t\t\t\t<div class=\"elementor-flip-box__layer__inner\">\n\t\t\t\t\t\n\t\t\t\t\t\t\t\t\t\t\t<div class=\"elementor-flip-box__layer__description\">\n\t\t\t\t\t\t\tEn entornos de almac\u00e9n exigentes y en carretillas elevadoras, nuestras resistentes soluciones de montaje y transporte mantienen los dispositivos seguros, accesibles y protegidos durante flujos de trabajo intensos.\t\t\t\t\t\t<\/div>\n\t\t\t\t\t\n\t\t\t\t\t\t\t\t\t\t\t<span class=\"elementor-flip-box__button elementor-button elementor-size-sm\">\n\t\t\t\t\t\t\tBuscar accesorios para log\u00edstica\t\t\t\t\t\t<\/span>\n\t\t\t\t\t\t\t\t<\/div>\n\t\t<\/div>\n\t\t<\/a>\n\t\t<\/div>\n\t\t\t\t\t\t<\/div>\n\t\t\t\t<\/div>\n\t\t\t\t<div class=\"elementor-element elementor-element-a731799 elementor-flip-box--effect-flip elementor-flip-box--direction-up elementor-widget elementor-widget-flip-box\" data-id=\"a731799\" data-element_type=\"widget\" data-e-type=\"widget\" data-widget_type=\"flip-box.default\">\n\t\t\t\t<div class=\"elementor-widget-container\">\n\t\t\t\t\t\t\t<div class=\"elementor-flip-box\" tabindex=\"0\">\n\t\t\t<div class=\"elementor-flip-box__layer elementor-flip-box__front\">\n\t\t\t\t<div class=\"elementor-flip-box__layer__overlay\">\n\t\t\t\t\t<div class=\"elementor-flip-box__layer__inner\">\n\t\t\t\t\t\t\n\t\t\t\t\t\t\t\t\t\t\t\t\t<h3 class=\"elementor-flip-box__layer__title\">\n\t\t\t\t\t\t\t\tHosteler\u00eda y restauraci\u00f3n\t\t\t\t\t\t\t<\/h3>\n\t\t\t\t\t\t\n\t\t\t\t\t\t\t\t\t\t\t<\/div>\n\t\t\t\t<\/div>\n\t\t\t<\/div>\n\t\t\t<a class=\"elementor-flip-box__layer elementor-flip-box__back\" href=\"https:\/\/duratis.com\/es\/industries\/accessories-for-horeca-industry\/\">\n\t\t\t<div class=\"elementor-flip-box__layer__overlay\">\n\t\t\t\t<div class=\"elementor-flip-box__layer__inner\">\n\t\t\t\t\t\n\t\t\t\t\t\t\t\t\t\t\t<div class=\"elementor-flip-box__layer__description\">\n\t\t\t\t\t\t\tLos restaurantes, hoteles y servicios m\u00f3viles de restauraci\u00f3n se benefician de accesorios elegantes y duraderos que permiten realizar pagos y procesar pedidos sin problemas, incluso en condiciones de gran actividad.\t\t\t\t\t\t<\/div>\n\t\t\t\t\t\n\t\t\t\t\t\t\t\t\t\t\t<span class=\"elementor-flip-box__button elementor-button elementor-size-sm\">\n\t\t\t\t\t\t\tEncuentra accesorios para HoReCa\t\t\t\t\t\t<\/span>\n\t\t\t\t\t\t\t\t<\/div>\n\t\t<\/div>\n\t\t<\/a>\n\t\t<\/div>\n\t\t\t\t\t\t<\/div>\n\t\t\t\t<\/div>\n\t\t\t\t<div class=\"elementor-element elementor-element-cca0016 elementor-flip-box--effect-flip elementor-flip-box--direction-up elementor-widget elementor-widget-flip-box\" data-id=\"cca0016\" data-element_type=\"widget\" data-e-type=\"widget\" data-widget_type=\"flip-box.default\">\n\t\t\t\t<div class=\"elementor-widget-container\">\n\t\t\t\t\t\t\t<div class=\"elementor-flip-box\" tabindex=\"0\">\n\t\t\t<div class=\"elementor-flip-box__layer elementor-flip-box__front\">\n\t\t\t\t<div class=\"elementor-flip-box__layer__overlay\">\n\t\t\t\t\t<div class=\"elementor-flip-box__layer__inner\">\n\t\t\t\t\t\t\n\t\t\t\t\t\t\t\t\t\t\t\t\t<h3 class=\"elementor-flip-box__layer__title\">\n\t\t\t\t\t\t\t\tEventos\t\t\t\t\t\t\t<\/h3>\n\t\t\t\t\t\t\n\t\t\t\t\t\t\t\t\t\t\t<\/div>\n\t\t\t\t<\/div>\n\t\t\t<\/div>\n\t\t\t<a class=\"elementor-flip-box__layer elementor-flip-box__back\" href=\"https:\/\/duratis.com\/es\/industries\/accessories-for-events-industry\/\">\n\t\t\t<div class=\"elementor-flip-box__layer__overlay\">\n\t\t\t\t<div class=\"elementor-flip-box__layer__inner\">\n\t\t\t\t\t\n\t\t\t\t\t\t\t\t\t\t\t<div class=\"elementor-flip-box__layer__description\">\n\t\t\t\t\t\t\tLas soluciones Duratis permiten un uso seguro y eficaz de los dispositivos en zonas de control de entrada y \u00e1reas de alimentos y bebidas, donde la movilidad y el acceso r\u00e1pido son fundamentales.\t\t\t\t\t\t<\/div>\n\t\t\t\t\t\n\t\t\t\t\t\t\t\t\t\t\t<span class=\"elementor-flip-box__button elementor-button elementor-size-sm\">\n\t\t\t\t\t\t\tBuscar accesorios para eventos\t\t\t\t\t\t<\/span>\n\t\t\t\t\t\t\t\t<\/div>\n\t\t<\/div>\n\t\t<\/a>\n\t\t<\/div>\n\t\t\t\t\t\t<\/div>\n\t\t\t\t<\/div>\n\t\t\t\t<div class=\"elementor-element elementor-element-3b9604b elementor-flip-box--effect-flip elementor-flip-box--direction-up elementor-widget elementor-widget-flip-box\" data-id=\"3b9604b\" data-element_type=\"widget\" data-e-type=\"widget\" data-widget_type=\"flip-box.default\">\n\t\t\t\t<div class=\"elementor-widget-container\">\n\t\t\t\t\t\t\t<div class=\"elementor-flip-box\" tabindex=\"0\">\n\t\t\t<div class=\"elementor-flip-box__layer elementor-flip-box__front\">\n\t\t\t\t<div class=\"elementor-flip-box__layer__overlay\">\n\t\t\t\t\t<div class=\"elementor-flip-box__layer__inner\">\n\t\t\t\t\t\t\n\t\t\t\t\t\t\t\t\t\t\t\t\t<h3 class=\"elementor-flip-box__layer__title\">\n\t\t\t\t\t\t\t\tServicios p\u00fablicos\t\t\t\t\t\t\t<\/h3>\n\t\t\t\t\t\t\n\t\t\t\t\t\t\t\t\t\t\t<\/div>\n\t\t\t\t<\/div>\n\t\t\t<\/div>\n\t\t\t<div class=\"elementor-flip-box__layer elementor-flip-box__back\">\n\t\t\t<div class=\"elementor-flip-box__layer__overlay\">\n\t\t\t\t<div class=\"elementor-flip-box__layer__inner\">\n\t\t\t\t\t\n\t\t\t\t\t\t\t\t\t\t\t<div class=\"elementor-flip-box__layer__description\">\n\t\t\t\t\t\t\tPara las fuerzas del orden, el control de aparcamientos y otros agentes de campo, nuestros accesorios de protecci\u00f3n y para llevar puestos ofrecen la durabilidad y funcionalidad necesarias en las operaciones cotidianas.\t\t\t\t\t\t<\/div>\n\t\t\t\t\t\n\t\t\t\t\t\t\t\t<\/div>\n\t\t<\/div>\n\t\t<\/div>\n\t\t<\/div>\n\t\t\t\t\t\t<\/div>\n\t\t\t\t<\/div>\n\t\t\t\t<\/div>\n\t\t\t\t\t<\/div>\n\t\t\t\t<\/div>\n\t\t\t\t<\/div>","protected":false},"excerpt":{"rendered":"<p>Find Accessories for your industry Retail From checkout counters to mobile POS and storage areas, our accessories help retailers streamline operations, protect devices, and ensure mobility throughout the store. Find Accessories for Retail Transportation Whether it&#8217;s public transit, courier services, cargo or taxi fleets, Duratis accessories enhance device usability on the move, ensuring durability and [&hellip;]<\/p>","protected":false},"author":6,"featured_media":0,"parent":0,"menu_order":0,"comment_status":"closed","ping_status":"closed","template":"","meta":{"footnotes":""},"class_list":["post-51937","page","type-page","status-publish","hentry"],"yoast_head":"<!-- This site is optimized with the Yoast SEO plugin v26.7 - https:\/\/yoast.com\/wordpress\/plugins\/seo\/ -->\n<title>Industries - Duratis Accessories | Cases, Mounts, Screen &amp; Keypad Protectors<\/title>\n<meta name=\"robots\" content=\"index, follow, max-snippet:-1, max-image-preview:large, max-video-preview:-1\" \/>\n<link rel=\"canonical\" href=\"https:\/\/duratis.com\/es\/industries\/\" \/>\n<meta property=\"og:locale\" content=\"es_ES\" \/>\n<meta property=\"og:type\" content=\"article\" \/>\n<meta property=\"og:title\" content=\"Industries - Duratis Accessories | Cases, Mounts, Screen &amp; Keypad Protectors\" \/>\n<meta property=\"og:description\" content=\"Find Accessories for your industry Retail From checkout counters to mobile POS and storage areas, our accessories help retailers streamline operations, protect devices, and ensure mobility throughout the store. Find Accessories for Retail Transportation Whether it&#8217;s public transit, courier services, cargo or taxi fleets, Duratis accessories enhance device usability on the move, ensuring durability and [&hellip;]\" \/>\n<meta property=\"og:url\" content=\"https:\/\/duratis.com\/es\/industries\/\" \/>\n<meta property=\"og:site_name\" content=\"Duratis Accessories | Cases, Mounts, Screen &amp; Keypad Protectors\" \/>\n<meta property=\"article:publisher\" content=\"https:\/\/www.facebook.com\/duratis\/\" \/>\n<meta property=\"article:modified_time\" content=\"2026-04-29T07:56:51+00:00\" \/>\n<meta name=\"twitter:card\" content=\"summary_large_image\" \/>\n<meta name=\"twitter:label1\" content=\"Tiempo de lectura\" \/>\n\t<meta name=\"twitter:data1\" content=\"1 minuto\" \/>\n<script type=\"application\/ld+json\" class=\"yoast-schema-graph\">{\"@context\":\"https:\/\/schema.org\",\"@graph\":[{\"@type\":\"WebPage\",\"@id\":\"https:\/\/duratis.com\/industries\/\",\"url\":\"https:\/\/duratis.com\/industries\/\",\"name\":\"Industries - Duratis Accessories | Cases, Mounts, Screen &amp; Keypad Protectors\",\"isPartOf\":{\"@id\":\"https:\/\/duratis.com\/#website\"},\"datePublished\":\"2025-12-22T09:41:22+00:00\",\"dateModified\":\"2026-04-29T07:56:51+00:00\",\"breadcrumb\":{\"@id\":\"https:\/\/duratis.com\/industries\/#breadcrumb\"},\"inLanguage\":\"es\",\"potentialAction\":[{\"@type\":\"ReadAction\",\"target\":[\"https:\/\/duratis.com\/industries\/\"]}]},{\"@type\":\"BreadcrumbList\",\"@id\":\"https:\/\/duratis.com\/industries\/#breadcrumb\",\"itemListElement\":[{\"@type\":\"ListItem\",\"position\":1,\"name\":\"Home\",\"item\":\"https:\/\/duratis.com\/\"},{\"@type\":\"ListItem\",\"position\":2,\"name\":\"Industries\"}]},{\"@type\":\"WebSite\",\"@id\":\"https:\/\/duratis.com\/#website\",\"url\":\"https:\/\/duratis.com\/\",\"name\":\"Duratis Accessories | Custom-made Cases, Holsters, Mounts, Screen & Keypad Protectors\",\"description\":\"We make accessories for payment terminals, mobile scanners, mobile computers and other devices.\",\"publisher\":{\"@id\":\"https:\/\/duratis.com\/#organization\"},\"potentialAction\":[{\"@type\":\"SearchAction\",\"target\":{\"@type\":\"EntryPoint\",\"urlTemplate\":\"https:\/\/duratis.com\/?s={search_term_string}\"},\"query-input\":{\"@type\":\"PropertyValueSpecification\",\"valueRequired\":true,\"valueName\":\"search_term_string\"}}],\"inLanguage\":\"es\"},{\"@type\":\"Organization\",\"@id\":\"https:\/\/duratis.com\/#organization\",\"name\":\"Duratis\",\"url\":\"https:\/\/duratis.com\/\",\"logo\":{\"@type\":\"ImageObject\",\"inLanguage\":\"es\",\"@id\":\"https:\/\/duratis.com\/#\/schema\/logo\/image\/\",\"url\":\"https:\/\/duratis.com\/wp-content\/uploads\/2024\/08\/duratis-logo.svg\",\"contentUrl\":\"https:\/\/duratis.com\/wp-content\/uploads\/2024\/08\/duratis-logo.svg\",\"width\":270,\"height\":61,\"caption\":\"Duratis\"},\"image\":{\"@id\":\"https:\/\/duratis.com\/#\/schema\/logo\/image\/\"},\"sameAs\":[\"https:\/\/www.facebook.com\/duratis\/\",\"https:\/\/www.linkedin.com\/company\/duratis-accessories\/\",\"https:\/\/www.youtube.com\/channel\/UCgCWiGf6mJ-MMSx3M1gfdeg\/featured\"]}]}<\/script>\n<!-- \/ Yoast SEO plugin. -->","yoast_head_json":{"title":"Industrias - Accesorios Duratis | Fundas, soportes, protectores de pantalla y teclado","robots":{"index":"index","follow":"follow","max-snippet":"max-snippet:-1","max-image-preview":"max-image-preview:large","max-video-preview":"max-video-preview:-1"},"canonical":"https:\/\/duratis.com\/es\/industries\/","og_locale":"es_ES","og_type":"article","og_title":"Industries - Duratis Accessories | Cases, Mounts, Screen &amp; Keypad Protectors","og_description":"Find Accessories for your industry Retail From checkout counters to mobile POS and storage areas, our accessories help retailers streamline operations, protect devices, and ensure mobility throughout the store. Find Accessories for Retail Transportation Whether it&#8217;s public transit, courier services, cargo or taxi fleets, Duratis accessories enhance device usability on the move, ensuring durability and [&hellip;]","og_url":"https:\/\/duratis.com\/es\/industries\/","og_site_name":"Duratis Accessories | Cases, Mounts, Screen &amp; Keypad Protectors","article_publisher":"https:\/\/www.facebook.com\/duratis\/","article_modified_time":"2026-04-29T07:56:51+00:00","twitter_card":"summary_large_image","twitter_misc":{"Tiempo de lectura":"1 minuto"},"schema":{"@context":"https:\/\/schema.org","@graph":[{"@type":"WebPage","@id":"https:\/\/duratis.com\/industries\/","url":"https:\/\/duratis.com\/industries\/","name":"Industrias - Accesorios Duratis | Fundas, soportes, protectores de pantalla y teclado","isPartOf":{"@id":"https:\/\/duratis.com\/#website"},"datePublished":"2025-12-22T09:41:22+00:00","dateModified":"2026-04-29T07:56:51+00:00","breadcrumb":{"@id":"https:\/\/duratis.com\/industries\/#breadcrumb"},"inLanguage":"es","potentialAction":[{"@type":"ReadAction","target":["https:\/\/duratis.com\/industries\/"]}]},{"@type":"BreadcrumbList","@id":"https:\/\/duratis.com\/industries\/#breadcrumb","itemListElement":[{"@type":"ListItem","position":1,"name":"Home","item":"https:\/\/duratis.com\/"},{"@type":"ListItem","position":2,"name":"Industries"}]},{"@type":"WebSite","@id":"https:\/\/duratis.com\/#website","url":"https:\/\/duratis.com\/","name":"Accesorios Duratis | Fundas a medida, Holsters, Soportes, Protectores de pantalla y teclado","description":"Fabricamos accesorios para terminales de pago, esc\u00e1neres m\u00f3viles, ordenadores port\u00e1tiles y otros dispositivos.","publisher":{"@id":"https:\/\/duratis.com\/#organization"},"potentialAction":[{"@type":"SearchAction","target":{"@type":"EntryPoint","urlTemplate":"https:\/\/duratis.com\/?s={search_term_string}"},"query-input":{"@type":"PropertyValueSpecification","valueRequired":true,"valueName":"search_term_string"}}],"inLanguage":"es"},{"@type":"Organization","@id":"https:\/\/duratis.com\/#organization","name":"Duratis","url":"https:\/\/duratis.com\/","logo":{"@type":"ImageObject","inLanguage":"es","@id":"https:\/\/duratis.com\/#\/schema\/logo\/image\/","url":"https:\/\/duratis.com\/wp-content\/uploads\/2024\/08\/duratis-logo.svg","contentUrl":"https:\/\/duratis.com\/wp-content\/uploads\/2024\/08\/duratis-logo.svg","width":270,"height":61,"caption":"Duratis"},"image":{"@id":"https:\/\/duratis.com\/#\/schema\/logo\/image\/"},"sameAs":["https:\/\/www.facebook.com\/duratis\/","https:\/\/www.linkedin.com\/company\/duratis-accessories\/","https:\/\/www.youtube.com\/channel\/UCgCWiGf6mJ-MMSx3M1gfdeg\/featured"]}]}},"_links":{"self":[{"href":"https:\/\/duratis.com\/es\/wp-json\/wp\/v2\/pages\/51937","targetHints":{"allow":["GET"]}}],"collection":[{"href":"https:\/\/duratis.com\/es\/wp-json\/wp\/v2\/pages"}],"about":[{"href":"https:\/\/duratis.com\/es\/wp-json\/wp\/v2\/types\/page"}],"author":[{"embeddable":true,"href":"https:\/\/duratis.com\/es\/wp-json\/wp\/v2\/users\/6"}],"replies":[{"embeddable":true,"href":"https:\/\/duratis.com\/es\/wp-json\/wp\/v2\/comments?post=51937"}],"version-history":[{"count":6,"href":"https:\/\/duratis.com\/es\/wp-json\/wp\/v2\/pages\/51937\/revisions"}],"predecessor-version":[{"id":55776,"href":"https:\/\/duratis.com\/es\/wp-json\/wp\/v2\/pages\/51937\/revisions\/55776"}],"wp:attachment":[{"href":"https:\/\/duratis.com\/es\/wp-json\/wp\/v2\/media?parent=51937"}],"curies":[{"name":"gracias","href":"https:\/\/api.w.org\/{rel}","templated":true}]}}