{"id":51359,"date":"2025-12-10T13:00:34","date_gmt":"2025-12-10T12:00:34","guid":{"rendered":"https:\/\/duratis.com\/?page_id=51359"},"modified":"2026-03-07T13:36:58","modified_gmt":"2026-03-07T12:36:58","slug":"data-capture-rugged-cases","status":"publish","type":"page","link":"https:\/\/duratis.com\/de\/data-capture-accessories\/data-capture-rugged-cases\/","title":{"rendered":"Datenerfassung Robuste Geh\u00e4use"},"content":{"rendered":"<div data-elementor-type=\"wp-page\" data-elementor-id=\"51359\" class=\"elementor elementor-51359\" data-elementor-post-type=\"page\">\n\t\t\t\t<div class=\"elementor-element elementor-element-11a3272c e-con-full e-flex e-con e-parent\" data-id=\"11a3272c\" data-element_type=\"container\" data-e-type=\"container\" data-settings=\"{&quot;background_background&quot;:&quot;gradient&quot;}\">\n\t\t<div class=\"elementor-element elementor-element-3fa635d7 e-con-full e-flex e-con e-child\" data-id=\"3fa635d7\" data-element_type=\"container\" data-e-type=\"container\" data-settings=\"{&quot;background_background&quot;:&quot;classic&quot;,&quot;motion_fx_motion_fx_scrolling&quot;:&quot;yes&quot;,&quot;motion_fx_translateX_effect&quot;:&quot;yes&quot;,&quot;motion_fx_translateX_speed&quot;:{&quot;unit&quot;:&quot;px&quot;,&quot;size&quot;:10,&quot;sizes&quot;:[]},&quot;motion_fx_devices&quot;:[&quot;desktop&quot;],&quot;motion_fx_translateX_affectedRange&quot;:{&quot;unit&quot;:&quot;%&quot;,&quot;size&quot;:&quot;&quot;,&quot;sizes&quot;:{&quot;start&quot;:0,&quot;end&quot;:100}}}\">\n\t\t\t\t<div class=\"elementor-element elementor-element-15713c96 elementor-widget elementor-widget-heading\" data-id=\"15713c96\" data-element_type=\"widget\" data-e-type=\"widget\" data-settings=\"{&quot;motion_fx_motion_fx_scrolling&quot;:&quot;yes&quot;,&quot;motion_fx_scale_effect&quot;:&quot;yes&quot;,&quot;motion_fx_scale_direction&quot;:&quot;in-out&quot;,&quot;motion_fx_scale_range&quot;:{&quot;unit&quot;:&quot;%&quot;,&quot;size&quot;:&quot;&quot;,&quot;sizes&quot;:{&quot;start&quot;:69,&quot;end&quot;:86}},&quot;motion_fx_devices&quot;:[&quot;desktop&quot;,&quot;tablet&quot;],&quot;motion_fx_scale_speed&quot;:{&quot;unit&quot;:&quot;px&quot;,&quot;size&quot;:4,&quot;sizes&quot;:[]}}\" data-widget_type=\"heading.default\">\n\t\t\t\t<div class=\"elementor-widget-container\">\n\t\t\t\t\t<h2 class=\"elementor-heading-title elementor-size-default\">Harter Schutz <br>Das passt perfekt<\/h2>\t\t\t\t<\/div>\n\t\t\t\t<\/div>\n\t\t\t\t<div class=\"elementor-element elementor-element-5940a19e elementor-widget elementor-widget-text-editor\" data-id=\"5940a19e\" data-element_type=\"widget\" data-e-type=\"widget\" data-widget_type=\"text-editor.default\">\n\t\t\t\t<div class=\"elementor-widget-container\">\n\t\t\t\t\t\t\t\t\t<p>Strapazierf\u00e4hige TPU- und Hartplastikgeh\u00e4use, die robusten Schutz f\u00fcr mobile Computer bieten - entwickelt, um St\u00f6\u00dfe zu absorbieren, Verschlei\u00df zu widerstehen und die volle Funktionalit\u00e4t des Ger\u00e4ts zu erhalten.<\/p>\t\t\t\t\t\t\t\t<\/div>\n\t\t\t\t<\/div>\n\t\t\t\t<\/div>\n\t\t<div class=\"elementor-element elementor-element-2ba2e4d7 e-con-full e-flex e-con e-child\" data-id=\"2ba2e4d7\" data-element_type=\"container\" data-e-type=\"container\" data-settings=\"{&quot;background_background&quot;:&quot;classic&quot;}\">\n\t\t\t\t<div class=\"elementor-element elementor-element-237fd1a0 elementor-widget elementor-widget-image\" data-id=\"237fd1a0\" data-element_type=\"widget\" data-e-type=\"widget\" data-widget_type=\"image.default\">\n\t\t\t\t<div class=\"elementor-widget-container\">\n\t\t\t\t\t\t\t\t\t\t\t\t\t\t\t<img loading=\"lazy\" decoding=\"async\" width=\"500\" height=\"500\" src=\"https:\/\/duratis.com\/wp-content\/uploads\/2025\/09\/rubber-protective-cases-1.jpg\" class=\"attachment-large size-large wp-image-50231\" alt=\"\" srcset=\"https:\/\/duratis.com\/wp-content\/uploads\/2025\/09\/rubber-protective-cases-1.jpg 500w, https:\/\/duratis.com\/wp-content\/uploads\/2025\/09\/rubber-protective-cases-1-300x300.jpg 300w, https:\/\/duratis.com\/wp-content\/uploads\/2025\/09\/rubber-protective-cases-1-150x150.jpg 150w, https:\/\/duratis.com\/wp-content\/uploads\/2025\/09\/rubber-protective-cases-1-12x12.jpg 12w\" sizes=\"auto, (max-width: 500px) 100vw, 500px\" \/>\t\t\t\t\t\t\t\t\t\t\t\t\t\t\t<\/div>\n\t\t\t\t<\/div>\n\t\t\t\t<\/div>\n\t\t\t\t<\/div>\n\t\t<div class=\"elementor-element elementor-element-f8ce0f0 e-con-full e-flex e-con e-parent\" data-id=\"f8ce0f0\" data-element_type=\"container\" data-e-type=\"container\" data-settings=\"{&quot;background_background&quot;:&quot;classic&quot;}\">\n\t\t<div class=\"elementor-element elementor-element-59a68bc1 e-con-full e-flex e-con e-child\" data-id=\"59a68bc1\" data-element_type=\"container\" data-e-type=\"container\" data-settings=\"{&quot;background_background&quot;:&quot;classic&quot;}\">\n\t\t\t\t<div class=\"elementor-element elementor-element-7eff67c4 elementor-widget elementor-widget-heading\" data-id=\"7eff67c4\" data-element_type=\"widget\" data-e-type=\"widget\" data-widget_type=\"heading.default\">\n\t\t\t\t<div class=\"elementor-widget-container\">\n\t\t\t\t\t<h2 class=\"elementor-heading-title elementor-size-default\">Filter<\/h2>\t\t\t\t<\/div>\n\t\t\t\t<\/div>\n\t\t\t\t<div class=\"elementor-element elementor-element-50281826 jet-smart-filter-content-position-column jet-smart-filter-group-position-column elementor-widget elementor-widget-jet-smart-filters-select\" data-id=\"50281826\" data-element_type=\"widget\" data-e-type=\"widget\" data-settings=\"{&quot;sticky&quot;:&quot;top&quot;,&quot;sticky_on&quot;:[&quot;desktop&quot;,&quot;tablet&quot;],&quot;sticky_offset&quot;:100,&quot;sticky_effects_offset&quot;:200,&quot;sticky_parent&quot;:&quot;yes&quot;,&quot;sticky_anchor_link_offset&quot;:0}\" data-widget_type=\"jet-smart-filters-select.default\">\n\t\t\t\t<div class=\"elementor-widget-container\">\n\t\t\t\t\t<div class=\"jet-smart-filters-hierarchy jet-filter jet-filter-indexed\" data-indexer-rule=\"disable\" data-show-counter=\"\" data-change-counter=\"always\"><div class=\"jet-filters-group\">\n<div class=\"jet-select\" data-query-type=\"tax_query\" data-query-var=\"compatible-with\" data-smart-filter=\"select\" data-filter-id=\"53483\" data-apply-type=\"ajax\" data-content-provider=\"epro-loop-builder\" data-additional-providers=\"\" data-query-id=\"dura-product-grid\" data-active-label=\"\" data-layout-options=\"{&quot;show_label&quot;:true,&quot;display_options&quot;:{&quot;show_items_label&quot;:false,&quot;show_decorator&quot;:false,&quot;filter_image_size&quot;:&quot;full&quot;,&quot;show_counter&quot;:false}}\" data-query-var-suffix=\"\" data-apply-on=\"value\" data-hierarchical=\"1\" data-predefined-value=\"3169\">\n\t<div class=\"jet-filter-label\">Sektor<\/div>\n\t\t\t<select\n\t\t\tclass=\"jet-select__control depth-0\"\n\t\t\tname=\"compatible-with\"\n\t\t\t\t\t\taria-label=\"Sektor\"\n\t\t>\n\t\t\t\t\t\t\t<option value=\"\">\n\t\t\t\t\tSektor ausw\u00e4hlen\t\t\t\t<\/option>\n\t\t\t\t\t\t\t\t\t\t<option\n\t\t\t\t\tvalue=\"2522\"\n\t\t\t\t\tdata-label=\"Adyen\"\n\t\t\t\t\tdata-counter-prefix=\"\"\n\t\t\t\t\tdata-counter-suffix=\"\"\n\t\t\t\t\t\t\t\t\t\t\t\t\t\t>\n\t\t\t\t\tAdyen\t\t\t\t<\/option>\n\t\t\t\t\t\t\t\t<option\n\t\t\t\t\tvalue=\"2525\"\n\t\t\t\t\tdata-label=\"Bluebird\"\n\t\t\t\t\tdata-counter-prefix=\"\"\n\t\t\t\t\tdata-counter-suffix=\"\"\n\t\t\t\t\t\t\t\t\t\t\t\t\t\t>\n\t\t\t\t\tBlauer Vogel\t\t\t\t<\/option>\n\t\t\t\t\t\t\t\t<option\n\t\t\t\t\tvalue=\"3190\"\n\t\t\t\t\tdata-label=\"Castles Technology\"\n\t\t\t\t\tdata-counter-prefix=\"\"\n\t\t\t\t\tdata-counter-suffix=\"\"\n\t\t\t\t\t\t\t\t\t\t\t\t\t\t>\n\t\t\t\t\tCastles Technology\t\t\t\t<\/option>\n\t\t\t\t\t\t\t\t<option\n\t\t\t\t\tvalue=\"2528\"\n\t\t\t\t\tdata-label=\"Chainway\"\n\t\t\t\t\tdata-counter-prefix=\"\"\n\t\t\t\t\tdata-counter-suffix=\"\"\n\t\t\t\t\t\t\t\t\t\t\t\t\t\t>\n\t\t\t\t\tKettenbahn\t\t\t\t<\/option>\n\t\t\t\t\t\t\t\t<option\n\t\t\t\t\tvalue=\"2529\"\n\t\t\t\t\tdata-label=\"Ciontek\"\n\t\t\t\t\tdata-counter-prefix=\"\"\n\t\t\t\t\tdata-counter-suffix=\"\"\n\t\t\t\t\t\t\t\t\t\t\t\t\t\t>\n\t\t\t\t\tCiontek\t\t\t\t<\/option>\n\t\t\t\t\t\t\t\t<option\n\t\t\t\t\tvalue=\"2530\"\n\t\t\t\t\tdata-label=\"CipherLab\"\n\t\t\t\t\tdata-counter-prefix=\"\"\n\t\t\t\t\tdata-counter-suffix=\"\"\n\t\t\t\t\t\t\t\t\t\t\t\t\t\t>\n\t\t\t\t\tCipherLab\t\t\t\t<\/option>\n\t\t\t\t\t\t\t\t<option\n\t\t\t\t\tvalue=\"3169\"\n\t\t\t\t\tdata-label=\"Data Capture\"\n\t\t\t\t\tdata-counter-prefix=\"\"\n\t\t\t\t\tdata-counter-suffix=\"\"\n\t\t\t\t\t\t\t\t\t\t\t\t\t\t>\n\t\t\t\t\tDatenerfassung\t\t\t\t<\/option>\n\t\t\t\t\t\t\t\t<option\n\t\t\t\t\tvalue=\"2535\"\n\t\t\t\t\tdata-label=\"Datalogic\"\n\t\t\t\t\tdata-counter-prefix=\"\"\n\t\t\t\t\tdata-counter-suffix=\"\"\n\t\t\t\t\t\t\t\t\t\t\t\t\t\t>\n\t\t\t\t\tDatalogic\t\t\t\t<\/option>\n\t\t\t\t\t\t\t\t<option\n\t\t\t\t\tvalue=\"2540\"\n\t\t\t\t\tdata-label=\"Honeywell\"\n\t\t\t\t\tdata-counter-prefix=\"\"\n\t\t\t\t\tdata-counter-suffix=\"\"\n\t\t\t\t\t\t\t\t\t\t\t\t\t\t>\n\t\t\t\t\tHoneywell\t\t\t\t<\/option>\n\t\t\t\t\t\t\t\t<option\n\t\t\t\t\tvalue=\"3266\"\n\t\t\t\t\tdata-label=\"iMin\"\n\t\t\t\t\tdata-counter-prefix=\"\"\n\t\t\t\t\tdata-counter-suffix=\"\"\n\t\t\t\t\t\t\t\t\t\t\t\t\t\t>\n\t\t\t\t\tiMin\t\t\t\t<\/option>\n\t\t\t\t\t\t\t\t<option\n\t\t\t\t\tvalue=\"2541\"\n\t\t\t\t\tdata-label=\"Ingenico\"\n\t\t\t\t\tdata-counter-prefix=\"\"\n\t\t\t\t\tdata-counter-suffix=\"\"\n\t\t\t\t\t\t\t\t\t\t\t\t\t\t>\n\t\t\t\t\tIngenico\t\t\t\t<\/option>\n\t\t\t\t\t\t\t\t<option\n\t\t\t\t\tvalue=\"2543\"\n\t\t\t\t\tdata-label=\"M3 Mobile\"\n\t\t\t\t\tdata-counter-prefix=\"\"\n\t\t\t\t\tdata-counter-suffix=\"\"\n\t\t\t\t\t\t\t\t\t\t\t\t\t\t>\n\t\t\t\t\tM3 Mobil\t\t\t\t<\/option>\n\t\t\t\t\t\t\t\t<option\n\t\t\t\t\tvalue=\"2546\"\n\t\t\t\t\tdata-label=\"Newland\"\n\t\t\t\t\tdata-counter-prefix=\"\"\n\t\t\t\t\tdata-counter-suffix=\"\"\n\t\t\t\t\t\t\t\t\t\t\t\t\t\t>\n\t\t\t\t\tNewland\t\t\t\t<\/option>\n\t\t\t\t\t\t\t\t<option\n\t\t\t\t\tvalue=\"3168\"\n\t\t\t\t\tdata-label=\"Payment\"\n\t\t\t\t\tdata-counter-prefix=\"\"\n\t\t\t\t\tdata-counter-suffix=\"\"\n\t\t\t\t\t\t\t\t\t\t\t\t\t\t>\n\t\t\t\t\tZahlung\t\t\t\t<\/option>\n\t\t\t\t\t\t\t\t<option\n\t\t\t\t\tvalue=\"2549\"\n\t\t\t\t\tdata-label=\"Point Mobile\"\n\t\t\t\t\tdata-counter-prefix=\"\"\n\t\t\t\t\tdata-counter-suffix=\"\"\n\t\t\t\t\t\t\t\t\t\t\t\t\t\t>\n\t\t\t\t\tPoint Mobile\t\t\t\t<\/option>\n\t\t\t\t\t\t\t\t<option\n\t\t\t\t\tvalue=\"2554\"\n\t\t\t\t\tdata-label=\"Sunmi\"\n\t\t\t\t\tdata-counter-prefix=\"\"\n\t\t\t\t\tdata-counter-suffix=\"\"\n\t\t\t\t\t\t\t\t\t\t\t\t\t\t>\n\t\t\t\t\tSunmi\t\t\t\t<\/option>\n\t\t\t\t\t\t\t\t<option\n\t\t\t\t\tvalue=\"2555\"\n\t\t\t\t\tdata-label=\"Unitech\"\n\t\t\t\t\tdata-counter-prefix=\"\"\n\t\t\t\t\tdata-counter-suffix=\"\"\n\t\t\t\t\t\t\t\t\t\t\t\t\t\t>\n\t\t\t\t\tUnitech\t\t\t\t<\/option>\n\t\t\t\t\t\t\t\t<option\n\t\t\t\t\tvalue=\"2556\"\n\t\t\t\t\tdata-label=\"Urovo\"\n\t\t\t\t\tdata-counter-prefix=\"\"\n\t\t\t\t\tdata-counter-suffix=\"\"\n\t\t\t\t\t\t\t\t\t\t\t\t\t\t>\n\t\t\t\t\tUrovo\t\t\t\t<\/option>\n\t\t\t\t\t\t\t\t<option\n\t\t\t\t\tvalue=\"2557\"\n\t\t\t\t\tdata-label=\"Verifone\"\n\t\t\t\t\tdata-counter-prefix=\"\"\n\t\t\t\t\tdata-counter-suffix=\"\"\n\t\t\t\t\t\t\t\t\t\t\t\t\t\t>\n\t\t\t\t\tVerifone\t\t\t\t<\/option>\n\t\t\t\t\t\t\t\t<option\n\t\t\t\t\tvalue=\"2559\"\n\t\t\t\t\tdata-label=\"Zebra\"\n\t\t\t\t\tdata-counter-prefix=\"\"\n\t\t\t\t\tdata-counter-suffix=\"\"\n\t\t\t\t\t\t\t\t\t\t\t\t\t\t>\n\t\t\t\t\tZebra\t\t\t\t<\/option>\n\t\t\t\t<\/select>\n\t<\/div><div class=\"jet-select\" data-query-type=\"tax_query\" data-query-var=\"compatible-with\" data-smart-filter=\"select\" data-filter-id=\"53483\" data-apply-type=\"ajax\" data-content-provider=\"epro-loop-builder\" data-additional-providers=\"\" data-query-id=\"dura-product-grid\" data-active-label=\"\" data-layout-options=\"{&quot;show_label&quot;:true,&quot;display_options&quot;:{&quot;show_items_label&quot;:false,&quot;show_decorator&quot;:false,&quot;filter_image_size&quot;:&quot;full&quot;,&quot;show_counter&quot;:false}}\" data-query-var-suffix=\"\" data-apply-on=\"value\" data-hierarchical=\"1\" data-predefined-value=\"3169\">\n\t<div class=\"jet-filter-label\">Ger\u00e4t Marke<\/div>\n\t\t\t<select\n\t\t\tclass=\"jet-select__control depth-1\"\n\t\t\tname=\"compatible-with\"\n\t\t\t\t\t\taria-label=\"Ger\u00e4t Marke\"\n\t\t>\n\t\t\t\t\t\t\t<option value=\"\">\n\t\t\t\t\tMarke ausw\u00e4hlen\t\t\t\t<\/option>\n\t\t\t\t\t\t<\/select>\n\t<\/div><div class=\"jet-select\" data-query-type=\"tax_query\" data-query-var=\"compatible-with\" data-smart-filter=\"select\" data-filter-id=\"53483\" data-apply-type=\"ajax\" data-content-provider=\"epro-loop-builder\" data-additional-providers=\"\" data-query-id=\"dura-product-grid\" data-active-label=\"\" data-layout-options=\"{&quot;show_label&quot;:true,&quot;display_options&quot;:{&quot;show_items_label&quot;:false,&quot;show_decorator&quot;:false,&quot;filter_image_size&quot;:&quot;full&quot;,&quot;show_counter&quot;:false}}\" data-query-var-suffix=\"\" data-apply-on=\"value\" data-hierarchical=\"1\" data-predefined-value=\"3169\">\n\t<div class=\"jet-filter-label\">Ger\u00e4t Modell<\/div>\n\t\t\t<select\n\t\t\tclass=\"jet-select__control depth-2\"\n\t\t\tname=\"compatible-with\"\n\t\t\t\t\t\taria-label=\"Ger\u00e4t Modell\"\n\t\t>\n\t\t\t\t\t\t\t<option value=\"\">\n\t\t\t\t\tModell ausw\u00e4hlen\t\t\t\t<\/option>\n\t\t\t\t\t\t<\/select>\n\t<\/div><\/div>\n<\/div>\t\t\t\t<\/div>\n\t\t\t\t<\/div>\n\t\t\t\t<\/div>\n\t\t<div class=\"elementor-element elementor-element-5d504aab e-con-full e-flex e-con e-child\" data-id=\"5d504aab\" data-element_type=\"container\" data-e-type=\"container\">\n\t\t\t\t<div class=\"elementor-element elementor-element-6b11e77f elementor-widget elementor-widget-menu-anchor\" data-id=\"6b11e77f\" data-element_type=\"widget\" data-e-type=\"widget\" data-widget_type=\"menu-anchor.default\">\n\t\t\t\t<div class=\"elementor-widget-container\">\n\t\t\t\t\t\t\t<div class=\"elementor-menu-anchor\" id=\"products\"><\/div>\n\t\t\t\t\t\t<\/div>\n\t\t\t\t<\/div>\n\t\t\t\t<div class=\"elementor-element elementor-element-69e808fa elementor-widget elementor-widget-breadcrumbs\" data-id=\"69e808fa\" data-element_type=\"widget\" data-e-type=\"widget\" data-widget_type=\"breadcrumbs.default\">\n\t\t\t\t<div class=\"elementor-widget-container\">\n\t\t\t\t\t<p id=\"breadcrumbs\"><span><span><a href=\"https:\/\/duratis.com\/de\/\">Startseite<\/a><\/span><\/span><\/p>\t\t\t\t<\/div>\n\t\t\t\t<\/div>\n\t\t\t\t<div class=\"elementor-element elementor-element-77387945 elementor-grid-4 elementor-grid-mobile-2 elementor-grid-tablet-2 elementor-widget elementor-widget-loop-grid\" data-id=\"77387945\" data-element_type=\"widget\" data-e-type=\"widget\" id=\"dura-product-grid\" data-settings=\"{&quot;template_id&quot;:&quot;48315&quot;,&quot;columns&quot;:4,&quot;pagination_type&quot;:&quot;load_more_on_click&quot;,&quot;load_more_spinner&quot;:{&quot;value&quot;:&quot;fas fa-circle-notch&quot;,&quot;library&quot;:&quot;fa-solid&quot;},&quot;columns_mobile&quot;:2,&quot;row_gap&quot;:{&quot;unit&quot;:&quot;px&quot;,&quot;size&quot;:60,&quot;sizes&quot;:[]},&quot;row_gap_mobile&quot;:{&quot;unit&quot;:&quot;px&quot;,&quot;size&quot;:40,&quot;sizes&quot;:[]},&quot;_skin&quot;:&quot;post&quot;,&quot;columns_tablet&quot;:&quot;2&quot;,&quot;edit_handle_selector&quot;:&quot;[data-elementor-type=\\&quot;loop-item\\&quot;]&quot;,&quot;row_gap_tablet&quot;:{&quot;unit&quot;:&quot;px&quot;,&quot;size&quot;:&quot;&quot;,&quot;sizes&quot;:[]},&quot;row_gap_mobile_extra&quot;:{&quot;unit&quot;:&quot;px&quot;,&quot;size&quot;:&quot;&quot;,&quot;sizes&quot;:[]}}\" data-widget_type=\"loop-grid.post\">\n\t\t\t\t<div class=\"elementor-widget-container\">\n\t\t\t\t\t<div class=\"elementor-loop-container\">\n\t\t\t\t\t<div class=\"jet-smart-filters-elementor-loop-no-result\">Tut mir leid, hier gibt es nichts zu sehen ...<\/div>\n\t\t\t\t<\/div>\t\t<div class=\"e-loop-nothing-found-message\">\n\t\t<\/div>\n\t\t\t\t\t\t<\/div>\n\t\t\t\t<\/div>\n\t\t\t\t<\/div>\n\t\t\t\t<\/div>\n\t\t\t\t<\/div>","protected":false},"excerpt":{"rendered":"<p>Harter Schutz, der perfekt passt Langlebige TPU- und Hartplastikgeh\u00e4use, die robusten Schutz f\u00fcr mobile Computer bieten - entwickelt, um St\u00f6\u00dfe zu absorbieren, Verschlei\u00df zu widerstehen und die volle Funktionalit\u00e4t des Ger\u00e4ts zu erhalten. Filter Sektor w\u00e4hlen Sektor Data Capture Zahlung Ger\u00e4temarke w\u00e4hlen Ger\u00e4temodell w\u00e4hlen Modell w\u00e4hlen<\/p>","protected":false},"author":6,"featured_media":0,"parent":638,"menu_order":0,"comment_status":"closed","ping_status":"closed","template":"","meta":{"footnotes":""},"class_list":["post-51359","page","type-page","status-publish","hentry"],"yoast_head":"<!-- This site is optimized with the Yoast SEO plugin v26.7 - https:\/\/yoast.com\/wordpress\/plugins\/seo\/ -->\n<title>Data Capture Rugged Cases - Duratis Accessories | Cases, Mounts, Screen &amp; Keypad Protectors<\/title>\n<meta name=\"robots\" content=\"index, follow, max-snippet:-1, max-image-preview:large, max-video-preview:-1\" \/>\n<link rel=\"canonical\" href=\"https:\/\/duratis.com\/de\/data-capture-accessories\/data-capture-rugged-cases\/\" \/>\n<meta property=\"og:locale\" content=\"de_DE\" \/>\n<meta property=\"og:type\" content=\"article\" \/>\n<meta property=\"og:title\" content=\"Data Capture Rugged Cases - Duratis Accessories | Cases, Mounts, Screen &amp; Keypad Protectors\" \/>\n<meta property=\"og:description\" content=\"Hard Protection That Fits Perfectly Durable TPU and hard plastic cases that deliver rugged protection for mobile computers \u2014 engineered to absorb impact, resist wear, and maintain full device functionality. Filters Sector Select sector Data Capture Payment Device Brand Select brand Device Model Select Model\" \/>\n<meta property=\"og:url\" content=\"https:\/\/duratis.com\/de\/data-capture-accessories\/data-capture-rugged-cases\/\" \/>\n<meta property=\"og:site_name\" content=\"Duratis Accessories | Cases, Mounts, Screen &amp; Keypad Protectors\" \/>\n<meta property=\"article:publisher\" content=\"https:\/\/www.facebook.com\/duratis\/\" \/>\n<meta property=\"article:modified_time\" content=\"2026-03-07T12:36:58+00:00\" \/>\n<meta property=\"og:image\" content=\"https:\/\/duratis.com\/wp-content\/uploads\/2025\/09\/rubber-protective-cases-1.jpg\" \/>\n\t<meta property=\"og:image:width\" content=\"500\" \/>\n\t<meta property=\"og:image:height\" content=\"500\" \/>\n\t<meta property=\"og:image:type\" content=\"image\/jpeg\" \/>\n<meta name=\"twitter:card\" content=\"summary_large_image\" \/>\n<script type=\"application\/ld+json\" class=\"yoast-schema-graph\">{\"@context\":\"https:\/\/schema.org\",\"@graph\":[{\"@type\":\"WebPage\",\"@id\":\"https:\/\/duratis.com\/data-capture-accessories\/data-capture-rugged-cases\/\",\"url\":\"https:\/\/duratis.com\/data-capture-accessories\/data-capture-rugged-cases\/\",\"name\":\"Data Capture Rugged Cases - Duratis Accessories | Cases, Mounts, Screen &amp; Keypad Protectors\",\"isPartOf\":{\"@id\":\"https:\/\/duratis.com\/#website\"},\"primaryImageOfPage\":{\"@id\":\"https:\/\/duratis.com\/data-capture-accessories\/data-capture-rugged-cases\/#primaryimage\"},\"image\":{\"@id\":\"https:\/\/duratis.com\/data-capture-accessories\/data-capture-rugged-cases\/#primaryimage\"},\"thumbnailUrl\":\"https:\/\/duratis.com\/wp-content\/uploads\/2025\/09\/rubber-protective-cases-1.jpg\",\"datePublished\":\"2025-12-10T12:00:34+00:00\",\"dateModified\":\"2026-03-07T12:36:58+00:00\",\"breadcrumb\":{\"@id\":\"https:\/\/duratis.com\/data-capture-accessories\/data-capture-rugged-cases\/#breadcrumb\"},\"inLanguage\":\"de\",\"potentialAction\":[{\"@type\":\"ReadAction\",\"target\":[\"https:\/\/duratis.com\/data-capture-accessories\/data-capture-rugged-cases\/\"]}]},{\"@type\":\"ImageObject\",\"inLanguage\":\"de\",\"@id\":\"https:\/\/duratis.com\/data-capture-accessories\/data-capture-rugged-cases\/#primaryimage\",\"url\":\"https:\/\/duratis.com\/wp-content\/uploads\/2025\/09\/rubber-protective-cases-1.jpg\",\"contentUrl\":\"https:\/\/duratis.com\/wp-content\/uploads\/2025\/09\/rubber-protective-cases-1.jpg\"},{\"@type\":\"BreadcrumbList\",\"@id\":\"https:\/\/duratis.com\/data-capture-accessories\/data-capture-rugged-cases\/#breadcrumb\",\"itemListElement\":[{\"@type\":\"ListItem\",\"position\":1,\"name\":\"Home\",\"item\":\"https:\/\/duratis.com\/\"},{\"@type\":\"ListItem\",\"position\":2,\"name\":\"Data Capture Accessories\",\"item\":\"https:\/\/duratis.com\/data-capture-accessories\/\"},{\"@type\":\"ListItem\",\"position\":3,\"name\":\"Data Capture Rugged Cases\"}]},{\"@type\":\"WebSite\",\"@id\":\"https:\/\/duratis.com\/#website\",\"url\":\"https:\/\/duratis.com\/\",\"name\":\"Duratis Accessories | Custom-made Cases, Holsters, Mounts, Screen & Keypad Protectors\",\"description\":\"We make accessories for payment terminals, mobile scanners, mobile computers and other devices.\",\"publisher\":{\"@id\":\"https:\/\/duratis.com\/#organization\"},\"potentialAction\":[{\"@type\":\"SearchAction\",\"target\":{\"@type\":\"EntryPoint\",\"urlTemplate\":\"https:\/\/duratis.com\/?s={search_term_string}\"},\"query-input\":{\"@type\":\"PropertyValueSpecification\",\"valueRequired\":true,\"valueName\":\"search_term_string\"}}],\"inLanguage\":\"de\"},{\"@type\":\"Organization\",\"@id\":\"https:\/\/duratis.com\/#organization\",\"name\":\"Duratis\",\"url\":\"https:\/\/duratis.com\/\",\"logo\":{\"@type\":\"ImageObject\",\"inLanguage\":\"de\",\"@id\":\"https:\/\/duratis.com\/#\/schema\/logo\/image\/\",\"url\":\"https:\/\/duratis.com\/wp-content\/uploads\/2024\/08\/duratis-logo.svg\",\"contentUrl\":\"https:\/\/duratis.com\/wp-content\/uploads\/2024\/08\/duratis-logo.svg\",\"width\":270,\"height\":61,\"caption\":\"Duratis\"},\"image\":{\"@id\":\"https:\/\/duratis.com\/#\/schema\/logo\/image\/\"},\"sameAs\":[\"https:\/\/www.facebook.com\/duratis\/\",\"https:\/\/www.linkedin.com\/company\/duratis-accessories\/\",\"https:\/\/www.youtube.com\/channel\/UCgCWiGf6mJ-MMSx3M1gfdeg\/featured\"]}]}<\/script>\n<!-- \/ Yoast SEO plugin. -->","yoast_head_json":{"title":"Data Capture Rugged Cases - Duratis Zubeh\u00f6r | Cases, Halterungen, Bildschirm- und Tastaturschutz","robots":{"index":"index","follow":"follow","max-snippet":"max-snippet:-1","max-image-preview":"max-image-preview:large","max-video-preview":"max-video-preview:-1"},"canonical":"https:\/\/duratis.com\/de\/data-capture-accessories\/data-capture-rugged-cases\/","og_locale":"de_DE","og_type":"article","og_title":"Data Capture Rugged Cases - Duratis Accessories | Cases, Mounts, Screen &amp; Keypad Protectors","og_description":"Hard Protection That Fits Perfectly Durable TPU and hard plastic cases that deliver rugged protection for mobile computers \u2014 engineered to absorb impact, resist wear, and maintain full device functionality. Filters Sector Select sector Data Capture Payment Device Brand Select brand Device Model Select Model","og_url":"https:\/\/duratis.com\/de\/data-capture-accessories\/data-capture-rugged-cases\/","og_site_name":"Duratis Accessories | Cases, Mounts, Screen &amp; Keypad Protectors","article_publisher":"https:\/\/www.facebook.com\/duratis\/","article_modified_time":"2026-03-07T12:36:58+00:00","og_image":[{"width":500,"height":500,"url":"https:\/\/duratis.com\/wp-content\/uploads\/2025\/09\/rubber-protective-cases-1.jpg","type":"image\/jpeg"}],"twitter_card":"summary_large_image","schema":{"@context":"https:\/\/schema.org","@graph":[{"@type":"WebPage","@id":"https:\/\/duratis.com\/data-capture-accessories\/data-capture-rugged-cases\/","url":"https:\/\/duratis.com\/data-capture-accessories\/data-capture-rugged-cases\/","name":"Data Capture Rugged Cases - Duratis Zubeh\u00f6r | Cases, Halterungen, Bildschirm- und Tastaturschutz","isPartOf":{"@id":"https:\/\/duratis.com\/#website"},"primaryImageOfPage":{"@id":"https:\/\/duratis.com\/data-capture-accessories\/data-capture-rugged-cases\/#primaryimage"},"image":{"@id":"https:\/\/duratis.com\/data-capture-accessories\/data-capture-rugged-cases\/#primaryimage"},"thumbnailUrl":"https:\/\/duratis.com\/wp-content\/uploads\/2025\/09\/rubber-protective-cases-1.jpg","datePublished":"2025-12-10T12:00:34+00:00","dateModified":"2026-03-07T12:36:58+00:00","breadcrumb":{"@id":"https:\/\/duratis.com\/data-capture-accessories\/data-capture-rugged-cases\/#breadcrumb"},"inLanguage":"de","potentialAction":[{"@type":"ReadAction","target":["https:\/\/duratis.com\/data-capture-accessories\/data-capture-rugged-cases\/"]}]},{"@type":"ImageObject","inLanguage":"de","@id":"https:\/\/duratis.com\/data-capture-accessories\/data-capture-rugged-cases\/#primaryimage","url":"https:\/\/duratis.com\/wp-content\/uploads\/2025\/09\/rubber-protective-cases-1.jpg","contentUrl":"https:\/\/duratis.com\/wp-content\/uploads\/2025\/09\/rubber-protective-cases-1.jpg"},{"@type":"BreadcrumbList","@id":"https:\/\/duratis.com\/data-capture-accessories\/data-capture-rugged-cases\/#breadcrumb","itemListElement":[{"@type":"ListItem","position":1,"name":"Home","item":"https:\/\/duratis.com\/"},{"@type":"ListItem","position":2,"name":"Data Capture Accessories","item":"https:\/\/duratis.com\/data-capture-accessories\/"},{"@type":"ListItem","position":3,"name":"Data Capture Rugged Cases"}]},{"@type":"WebSite","@id":"https:\/\/duratis.com\/#website","url":"https:\/\/duratis.com\/","name":"Duratis Zubeh\u00f6r | Ma\u00dfgeschneiderte Taschen, Holster, Halterungen, Bildschirm- und Tastaturschutz","description":"Wir stellen Zubeh\u00f6r f\u00fcr Zahlungsterminals, mobile Scanner, mobile Computer und andere Ger\u00e4te her.","publisher":{"@id":"https:\/\/duratis.com\/#organization"},"potentialAction":[{"@type":"SearchAction","target":{"@type":"EntryPoint","urlTemplate":"https:\/\/duratis.com\/?s={search_term_string}"},"query-input":{"@type":"PropertyValueSpecification","valueRequired":true,"valueName":"search_term_string"}}],"inLanguage":"de"},{"@type":"Organization","@id":"https:\/\/duratis.com\/#organization","name":"Duratis","url":"https:\/\/duratis.com\/","logo":{"@type":"ImageObject","inLanguage":"de","@id":"https:\/\/duratis.com\/#\/schema\/logo\/image\/","url":"https:\/\/duratis.com\/wp-content\/uploads\/2024\/08\/duratis-logo.svg","contentUrl":"https:\/\/duratis.com\/wp-content\/uploads\/2024\/08\/duratis-logo.svg","width":270,"height":61,"caption":"Duratis"},"image":{"@id":"https:\/\/duratis.com\/#\/schema\/logo\/image\/"},"sameAs":["https:\/\/www.facebook.com\/duratis\/","https:\/\/www.linkedin.com\/company\/duratis-accessories\/","https:\/\/www.youtube.com\/channel\/UCgCWiGf6mJ-MMSx3M1gfdeg\/featured"]}]}},"_links":{"self":[{"href":"https:\/\/duratis.com\/de\/wp-json\/wp\/v2\/pages\/51359","targetHints":{"allow":["GET"]}}],"collection":[{"href":"https:\/\/duratis.com\/de\/wp-json\/wp\/v2\/pages"}],"about":[{"href":"https:\/\/duratis.com\/de\/wp-json\/wp\/v2\/types\/page"}],"author":[{"embeddable":true,"href":"https:\/\/duratis.com\/de\/wp-json\/wp\/v2\/users\/6"}],"replies":[{"embeddable":true,"href":"https:\/\/duratis.com\/de\/wp-json\/wp\/v2\/comments?post=51359"}],"version-history":[{"count":3,"href":"https:\/\/duratis.com\/de\/wp-json\/wp\/v2\/pages\/51359\/revisions"}],"predecessor-version":[{"id":54865,"href":"https:\/\/duratis.com\/de\/wp-json\/wp\/v2\/pages\/51359\/revisions\/54865"}],"up":[{"embeddable":true,"href":"https:\/\/duratis.com\/de\/wp-json\/wp\/v2\/pages\/638"}],"wp:attachment":[{"href":"https:\/\/duratis.com\/de\/wp-json\/wp\/v2\/media?parent=51359"}],"curies":[{"name":"wp","href":"https:\/\/api.w.org\/{rel}","templated":true}]}}