{"id":44590,"date":"2025-03-30T21:00:44","date_gmt":"2025-03-30T19:00:44","guid":{"rendered":"https:\/\/duratis.com\/?page_id=44590"},"modified":"2025-03-30T21:09:53","modified_gmt":"2025-03-30T19:09:53","slug":"support","status":"publish","type":"page","link":"https:\/\/duratis.com\/de\/support\/","title":{"rendered":"Unterst\u00fctzung"},"content":{"rendered":"<div data-elementor-type=\"wp-page\" data-elementor-id=\"44590\" class=\"elementor elementor-44590\" data-elementor-post-type=\"page\">\n\t\t\t\t\t\t<section class=\"elementor-section elementor-top-section elementor-element elementor-element-81d743b elementor-reverse-mobile elementor-section-boxed elementor-section-height-default elementor-section-height-default\" data-id=\"81d743b\" data-element_type=\"section\" data-e-type=\"section\">\n\t\t\t\t\t\t<div class=\"elementor-container elementor-column-gap-default\">\n\t\t\t\t\t<div class=\"elementor-column elementor-col-50 elementor-top-column elementor-element elementor-element-a238b64\" data-id=\"a238b64\" data-element_type=\"column\" data-e-type=\"column\">\n\t\t\t<div class=\"elementor-widget-wrap elementor-element-populated\">\n\t\t\t\t\t\t<div class=\"elementor-element elementor-element-3240382 elementor-widget elementor-widget-heading\" data-id=\"3240382\" data-element_type=\"widget\" data-e-type=\"widget\" data-widget_type=\"heading.default\">\n\t\t\t\t<div class=\"elementor-widget-container\">\n\t\t\t\t\t<h1 class=\"elementor-heading-title elementor-size-default\">Wir sind hier, um <strong>Hilfe<\/strong><\/h1>\t\t\t\t<\/div>\n\t\t\t\t<\/div>\n\t\t\t\t<div class=\"elementor-element elementor-element-a19d245 elementor-widget elementor-widget-text-editor\" data-id=\"a19d245\" data-element_type=\"widget\" data-e-type=\"widget\" data-widget_type=\"text-editor.default\">\n\t\t\t\t<div class=\"elementor-widget-container\">\n\t\t\t\t\t\t\t\t\t<p>Wir bei Duratis sind bestrebt, Ihnen einen erstklassigen Support zu bieten - ganz gleich, ob Sie Hilfe bei der Auswahl des richtigen Zubeh\u00f6rs, bei der Anpassung einer L\u00f6sung oder bei der Zusammenarbeit mit uns ben\u00f6tigen. Nachfolgend finden Sie die besten M\u00f6glichkeiten zur Kontaktaufnahme sowie Antworten auf h\u00e4ufig gestellte Fragen.<\/p>\t\t\t\t\t\t\t\t<\/div>\n\t\t\t\t<\/div>\n\t\t\t\t\t<\/div>\n\t\t<\/div>\n\t\t\t\t<div class=\"elementor-column elementor-col-50 elementor-top-column elementor-element elementor-element-3231d69\" data-id=\"3231d69\" data-element_type=\"column\" data-e-type=\"column\">\n\t\t\t<div class=\"elementor-widget-wrap\">\n\t\t\t\t\t\t\t<\/div>\n\t\t<\/div>\n\t\t\t\t\t<\/div>\n\t\t<\/section>\n\t\t\t\t<section class=\"elementor-section elementor-top-section elementor-element elementor-element-82fa0fa elementor-section-boxed elementor-section-height-default elementor-section-height-default\" data-id=\"82fa0fa\" data-element_type=\"section\" data-e-type=\"section\">\n\t\t\t\t\t\t<div class=\"elementor-container elementor-column-gap-wider\">\n\t\t\t\t\t<div class=\"elementor-column elementor-col-50 elementor-top-column elementor-element elementor-element-0f650ca\" data-id=\"0f650ca\" data-element_type=\"column\" data-e-type=\"column\">\n\t\t\t<div class=\"elementor-widget-wrap elementor-element-populated\">\n\t\t\t\t\t\t<div class=\"elementor-element elementor-element-a5f7fdf elementor-widget elementor-widget-heading\" data-id=\"a5f7fdf\" data-element_type=\"widget\" data-e-type=\"widget\" data-widget_type=\"heading.default\">\n\t\t\t\t<div class=\"elementor-widget-container\">\n\t\t\t\t\t<h2 class=\"elementor-heading-title elementor-size-default\">Produktunterst\u00fctzung<\/h2>\t\t\t\t<\/div>\n\t\t\t\t<\/div>\n\t\t\t\t<div class=\"elementor-element elementor-element-471adb3 elementor-widget elementor-widget-text-editor\" data-id=\"471adb3\" data-element_type=\"widget\" data-e-type=\"widget\" data-widget_type=\"text-editor.default\">\n\t\t\t\t<div class=\"elementor-widget-container\">\n\t\t\t\t\t\t\t\t\t<p>Suchen Sie nach der perfekten Passform? Unser Produkt-Support-Team ist hier, um Ihnen zu helfen:<\/p><p>\u2705 Auswahl des richtigen Zubeh\u00f6rs f\u00fcr Ihre spezifischen Anforderungen.<\/p><p>\u2705 Anpassung bestehender L\u00f6sungen an individuelle Anforderungen.<\/p><p>\u2705 Entwicklung neuer Produkte nach Ihren Vorgaben.<br \/><br \/>Wir helfen Ihnen gerne, die beste L\u00f6sung zu finden oder zu erstellen.<\/p>\t\t\t\t\t\t\t\t<\/div>\n\t\t\t\t<\/div>\n\t\t\t\t<div class=\"elementor-element elementor-element-94c969c elementor-widget elementor-widget-button\" data-id=\"94c969c\" data-element_type=\"widget\" data-e-type=\"widget\" data-widget_type=\"button.default\">\n\t\t\t\t<div class=\"elementor-widget-container\">\n\t\t\t\t\t\t\t\t\t<div class=\"elementor-button-wrapper\">\n\t\t\t\t\t<a class=\"elementor-button elementor-button-link elementor-size-sm\" href=\"mailto:support@duratis.com\">\n\t\t\t\t\t\t<span class=\"elementor-button-content-wrapper\">\n\t\t\t\t\t\t\t\t\t<span class=\"elementor-button-text\">support@duratis.com<\/span>\n\t\t\t\t\t<\/span>\n\t\t\t\t\t<\/a>\n\t\t\t\t<\/div>\n\t\t\t\t\t\t\t\t<\/div>\n\t\t\t\t<\/div>\n\t\t\t\t\t<\/div>\n\t\t<\/div>\n\t\t\t\t<div class=\"elementor-column elementor-col-50 elementor-top-column elementor-element elementor-element-66078fc\" data-id=\"66078fc\" data-element_type=\"column\" data-e-type=\"column\">\n\t\t\t<div class=\"elementor-widget-wrap elementor-element-populated\">\n\t\t\t\t\t\t<div class=\"elementor-element elementor-element-22e20e4 elementor-widget elementor-widget-heading\" data-id=\"22e20e4\" data-element_type=\"widget\" data-e-type=\"widget\" data-widget_type=\"heading.default\">\n\t\t\t\t<div class=\"elementor-widget-container\">\n\t\t\t\t\t<h2 class=\"elementor-heading-title elementor-size-default\">Marketing-Unterst\u00fctzung<\/h2>\t\t\t\t<\/div>\n\t\t\t\t<\/div>\n\t\t\t\t<div class=\"elementor-element elementor-element-9918f50 elementor-widget elementor-widget-text-editor\" data-id=\"9918f50\" data-element_type=\"widget\" data-e-type=\"widget\" data-widget_type=\"text-editor.default\">\n\t\t\t\t<div class=\"elementor-widget-container\">\n\t\t\t\t\t\t\t\t\t<p class=\"\" data-start=\"929\" data-end=\"1218\">Sind Sie an einer Zusammenarbeit mit uns interessiert? Unser Marketing-Team unterst\u00fctzt:<\/p><p class=\"\" data-start=\"929\" data-end=\"1218\">\ud83e\udd1d <strong data-start=\"994\" data-end=\"1022\">Distributoren und Wiederverk\u00e4ufer<\/strong> die ihr Produktangebot erweitern wollen.<\/p><p class=\"\" data-start=\"929\" data-end=\"1218\">\ud83c\udf0d <strong data-start=\"1071\" data-end=\"1096\">Gesch\u00e4ftspartnerschaften<\/strong> f\u00fcr M\u00f6glichkeiten der Zusammenarbeit.<\/p><p class=\"\" data-start=\"929\" data-end=\"1218\">\ud83d\udce2 <strong data-start=\"1135\" data-end=\"1158\">Marketing-Anfragen<\/strong> einschlie\u00dflich Medien, Sponsoring und Werbematerialien.<\/p><p class=\"\" data-start=\"1220\" data-end=\"1319\">Wir sch\u00e4tzen starke Partnerschaften - lassen Sie uns zusammenarbeiten, um mehr Kunden innovative L\u00f6sungen zu bieten!<\/p>\t\t\t\t\t\t\t\t<\/div>\n\t\t\t\t<\/div>\n\t\t\t\t<div class=\"elementor-element elementor-element-7c97af2 elementor-widget elementor-widget-button\" data-id=\"7c97af2\" data-element_type=\"widget\" data-e-type=\"widget\" data-widget_type=\"button.default\">\n\t\t\t\t<div class=\"elementor-widget-container\">\n\t\t\t\t\t\t\t\t\t<div class=\"elementor-button-wrapper\">\n\t\t\t\t\t<a class=\"elementor-button elementor-button-link elementor-size-sm\" href=\"mailto:marketing@duratis.com\">\n\t\t\t\t\t\t<span class=\"elementor-button-content-wrapper\">\n\t\t\t\t\t\t\t\t\t<span class=\"elementor-button-text\">marketing@duratis.com<\/span>\n\t\t\t\t\t<\/span>\n\t\t\t\t\t<\/a>\n\t\t\t\t<\/div>\n\t\t\t\t\t\t\t\t<\/div>\n\t\t\t\t<\/div>\n\t\t\t\t\t<\/div>\n\t\t<\/div>\n\t\t\t\t\t<\/div>\n\t\t<\/section>\n\t\t\t\t<\/div>","protected":false},"excerpt":{"rendered":"<p>Wir helfen Ihnen gerne weiter. Duratis bietet Ihnen erstklassigen Support \u2013 egal, ob Sie Hilfe bei der Auswahl des richtigen Zubeh\u00f6rs, der individuellen Gestaltung einer L\u00f6sung oder einer Partnerschaft mit uns ben\u00f6tigen. Nachfolgend finden Sie die besten Kontaktm\u00f6glichkeiten und Antworten auf h\u00e4ufig gestellte Fragen. Produktsupport: Suchen Sie die perfekte L\u00f6sung? Unser Produktsupport-Team ist [\u2026]<\/p>","protected":false},"author":6,"featured_media":0,"parent":0,"menu_order":0,"comment_status":"closed","ping_status":"closed","template":"","meta":{"footnotes":""},"class_list":["post-44590","page","type-page","status-publish","hentry"],"yoast_head":"<!-- This site is optimized with the Yoast SEO plugin v26.7 - https:\/\/yoast.com\/wordpress\/plugins\/seo\/ -->\n<title>Support - Duratis Accessories | Cases, Mounts, Screen &amp; Keypad Protectors<\/title>\n<meta name=\"robots\" content=\"index, follow, max-snippet:-1, max-image-preview:large, max-video-preview:-1\" \/>\n<link rel=\"canonical\" href=\"https:\/\/duratis.com\/de\/support\/\" \/>\n<meta property=\"og:locale\" content=\"de_DE\" \/>\n<meta property=\"og:type\" content=\"article\" \/>\n<meta property=\"og:title\" content=\"Support - Duratis Accessories | Cases, Mounts, Screen &amp; Keypad Protectors\" \/>\n<meta property=\"og:description\" content=\"We&#8217;re Here to Help At Duratis, we\u2019re committed to providing top-notch support\u2014whether you need guidance selecting the right accessories, customizing a solution, or partnering with us. Below, you&#8217;ll find the best ways to get in touch, along with answers to frequently asked questions. Product support Looking for the perfect fit? Our product support team is [&hellip;]\" \/>\n<meta property=\"og:url\" content=\"https:\/\/duratis.com\/de\/support\/\" \/>\n<meta property=\"og:site_name\" content=\"Duratis Accessories | Cases, Mounts, Screen &amp; Keypad Protectors\" \/>\n<meta property=\"article:publisher\" content=\"https:\/\/www.facebook.com\/duratis\/\" \/>\n<meta property=\"article:modified_time\" content=\"2025-03-30T19:09:53+00:00\" \/>\n<meta name=\"twitter:card\" content=\"summary_large_image\" \/>\n<meta name=\"twitter:label1\" content=\"Gesch\u00e4tzte Lesezeit\" \/>\n\t<meta name=\"twitter:data1\" content=\"1\u00a0Minute\" \/>\n<script type=\"application\/ld+json\" class=\"yoast-schema-graph\">{\"@context\":\"https:\/\/schema.org\",\"@graph\":[{\"@type\":\"WebPage\",\"@id\":\"https:\/\/duratis.com\/support\/\",\"url\":\"https:\/\/duratis.com\/support\/\",\"name\":\"Support - Duratis Accessories | Cases, Mounts, Screen &amp; Keypad Protectors\",\"isPartOf\":{\"@id\":\"https:\/\/duratis.com\/#website\"},\"datePublished\":\"2025-03-30T19:00:44+00:00\",\"dateModified\":\"2025-03-30T19:09:53+00:00\",\"breadcrumb\":{\"@id\":\"https:\/\/duratis.com\/support\/#breadcrumb\"},\"inLanguage\":\"de\",\"potentialAction\":[{\"@type\":\"ReadAction\",\"target\":[\"https:\/\/duratis.com\/support\/\"]}]},{\"@type\":\"BreadcrumbList\",\"@id\":\"https:\/\/duratis.com\/support\/#breadcrumb\",\"itemListElement\":[{\"@type\":\"ListItem\",\"position\":1,\"name\":\"Home\",\"item\":\"https:\/\/duratis.com\/\"},{\"@type\":\"ListItem\",\"position\":2,\"name\":\"Support\"}]},{\"@type\":\"WebSite\",\"@id\":\"https:\/\/duratis.com\/#website\",\"url\":\"https:\/\/duratis.com\/\",\"name\":\"Duratis Accessories | Custom-made Cases, Holsters, Mounts, Screen & Keypad Protectors\",\"description\":\"We make accessories for payment terminals, mobile scanners, mobile computers and other devices.\",\"publisher\":{\"@id\":\"https:\/\/duratis.com\/#organization\"},\"potentialAction\":[{\"@type\":\"SearchAction\",\"target\":{\"@type\":\"EntryPoint\",\"urlTemplate\":\"https:\/\/duratis.com\/?s={search_term_string}\"},\"query-input\":{\"@type\":\"PropertyValueSpecification\",\"valueRequired\":true,\"valueName\":\"search_term_string\"}}],\"inLanguage\":\"de\"},{\"@type\":\"Organization\",\"@id\":\"https:\/\/duratis.com\/#organization\",\"name\":\"Duratis\",\"url\":\"https:\/\/duratis.com\/\",\"logo\":{\"@type\":\"ImageObject\",\"inLanguage\":\"de\",\"@id\":\"https:\/\/duratis.com\/#\/schema\/logo\/image\/\",\"url\":\"https:\/\/duratis.com\/wp-content\/uploads\/2024\/08\/duratis-logo.svg\",\"contentUrl\":\"https:\/\/duratis.com\/wp-content\/uploads\/2024\/08\/duratis-logo.svg\",\"width\":270,\"height\":61,\"caption\":\"Duratis\"},\"image\":{\"@id\":\"https:\/\/duratis.com\/#\/schema\/logo\/image\/\"},\"sameAs\":[\"https:\/\/www.facebook.com\/duratis\/\",\"https:\/\/www.linkedin.com\/company\/duratis-accessories\/\",\"https:\/\/www.youtube.com\/channel\/UCgCWiGf6mJ-MMSx3M1gfdeg\/featured\"]}]}<\/script>\n<!-- \/ Yoast SEO plugin. -->","yoast_head_json":{"title":"Support - Duratis Zubeh\u00f6r | Geh\u00e4use, Halterungen, Bildschirm- und Tastaturschutz","robots":{"index":"index","follow":"follow","max-snippet":"max-snippet:-1","max-image-preview":"max-image-preview:large","max-video-preview":"max-video-preview:-1"},"canonical":"https:\/\/duratis.com\/de\/support\/","og_locale":"de_DE","og_type":"article","og_title":"Support - Duratis Accessories | Cases, Mounts, Screen &amp; Keypad Protectors","og_description":"We&#8217;re Here to Help At Duratis, we\u2019re committed to providing top-notch support\u2014whether you need guidance selecting the right accessories, customizing a solution, or partnering with us. Below, you&#8217;ll find the best ways to get in touch, along with answers to frequently asked questions. Product support Looking for the perfect fit? Our product support team is [&hellip;]","og_url":"https:\/\/duratis.com\/de\/support\/","og_site_name":"Duratis Accessories | Cases, Mounts, Screen &amp; Keypad Protectors","article_publisher":"https:\/\/www.facebook.com\/duratis\/","article_modified_time":"2025-03-30T19:09:53+00:00","twitter_card":"summary_large_image","twitter_misc":{"Gesch\u00e4tzte Lesezeit":"1\u00a0Minute"},"schema":{"@context":"https:\/\/schema.org","@graph":[{"@type":"WebPage","@id":"https:\/\/duratis.com\/support\/","url":"https:\/\/duratis.com\/support\/","name":"Support - Duratis Zubeh\u00f6r | Geh\u00e4use, Halterungen, Bildschirm- und Tastaturschutz","isPartOf":{"@id":"https:\/\/duratis.com\/#website"},"datePublished":"2025-03-30T19:00:44+00:00","dateModified":"2025-03-30T19:09:53+00:00","breadcrumb":{"@id":"https:\/\/duratis.com\/support\/#breadcrumb"},"inLanguage":"de","potentialAction":[{"@type":"ReadAction","target":["https:\/\/duratis.com\/support\/"]}]},{"@type":"BreadcrumbList","@id":"https:\/\/duratis.com\/support\/#breadcrumb","itemListElement":[{"@type":"ListItem","position":1,"name":"Home","item":"https:\/\/duratis.com\/"},{"@type":"ListItem","position":2,"name":"Support"}]},{"@type":"WebSite","@id":"https:\/\/duratis.com\/#website","url":"https:\/\/duratis.com\/","name":"Duratis Zubeh\u00f6r | Ma\u00dfgeschneiderte Taschen, Holster, Halterungen, Bildschirm- und Tastaturschutz","description":"Wir stellen Zubeh\u00f6r f\u00fcr Zahlungsterminals, mobile Scanner, mobile Computer und andere Ger\u00e4te her.","publisher":{"@id":"https:\/\/duratis.com\/#organization"},"potentialAction":[{"@type":"SearchAction","target":{"@type":"EntryPoint","urlTemplate":"https:\/\/duratis.com\/?s={search_term_string}"},"query-input":{"@type":"PropertyValueSpecification","valueRequired":true,"valueName":"search_term_string"}}],"inLanguage":"de"},{"@type":"Organization","@id":"https:\/\/duratis.com\/#organization","name":"Duratis","url":"https:\/\/duratis.com\/","logo":{"@type":"ImageObject","inLanguage":"de","@id":"https:\/\/duratis.com\/#\/schema\/logo\/image\/","url":"https:\/\/duratis.com\/wp-content\/uploads\/2024\/08\/duratis-logo.svg","contentUrl":"https:\/\/duratis.com\/wp-content\/uploads\/2024\/08\/duratis-logo.svg","width":270,"height":61,"caption":"Duratis"},"image":{"@id":"https:\/\/duratis.com\/#\/schema\/logo\/image\/"},"sameAs":["https:\/\/www.facebook.com\/duratis\/","https:\/\/www.linkedin.com\/company\/duratis-accessories\/","https:\/\/www.youtube.com\/channel\/UCgCWiGf6mJ-MMSx3M1gfdeg\/featured"]}]}},"_links":{"self":[{"href":"https:\/\/duratis.com\/de\/wp-json\/wp\/v2\/pages\/44590","targetHints":{"allow":["GET"]}}],"collection":[{"href":"https:\/\/duratis.com\/de\/wp-json\/wp\/v2\/pages"}],"about":[{"href":"https:\/\/duratis.com\/de\/wp-json\/wp\/v2\/types\/page"}],"author":[{"embeddable":true,"href":"https:\/\/duratis.com\/de\/wp-json\/wp\/v2\/users\/6"}],"replies":[{"embeddable":true,"href":"https:\/\/duratis.com\/de\/wp-json\/wp\/v2\/comments?post=44590"}],"version-history":[{"count":0,"href":"https:\/\/duratis.com\/de\/wp-json\/wp\/v2\/pages\/44590\/revisions"}],"wp:attachment":[{"href":"https:\/\/duratis.com\/de\/wp-json\/wp\/v2\/media?parent=44590"}],"curies":[{"name":"wp","href":"https:\/\/api.w.org\/{rel}","templated":true}]}}